{"id":4297,"date":"2020-09-13T15:44:04","date_gmt":"2020-09-13T13:44:04","guid":{"rendered":"https:\/\/9vallees.com\/9v-guides\/"},"modified":"2021-06-28T17:39:39","modified_gmt":"2021-06-28T15:39:39","slug":"9v-guides","status":"publish","type":"page","link":"https:\/\/9vallees.com\/en\/9v-guides\/","title":{"rendered":"9V guides"},"content":{"rendered":"<p>\n          [vc_row full_width=&#8221;stretch_row_content&#8221; content_placement=&#8221;middle&#8221; parallax=&#8221;content-moving-fade&#8221; css=&#8221;.vc_custom_1621514080160{background-position: center;background-repeat: no-repeat !important;background-size: cover !important;}&#8221; el_class=&#8221;sep-vallees&#8221;][vc_column offset=&#8221;vc_hidden-lg vc_hidden-md vc_hidden-sm&#8221; css=&#8221;.vc_custom_1621514287326{padding-top: 200px !important;padding-bottom: 200px !important;background-image: url(https:\/\/9vallees.com\/wp-content\/uploads\/2019\/07\/couv-guides.jpg?id=239) !important;}&#8221;][vc_custom_heading source=&#8221;post_title&#8221; font_container=&#8221;tag:h1|text_align:center|color:%23ffffff&#8221; use_theme_fonts=&#8221;yes&#8221;][vc_custom_heading text=&#8221;WITH THEM YOUR IN SAFE HANDS&#8221; font_container=&#8221;tag:p|font_size:24px|text_align:center|color:%23ffffff|line_height:36px&#8221; use_theme_fonts=&#8221;yes&#8221;][\/vc_column][\/vc_row]<br \/>\n          [vc_row][vc_column][vc_column_text]<\/p>\n<h4><\/h4>\n<h4><strong>POWDER SNOW HUNTERS<\/strong><\/h4>\n<p>Naturally curious and creative, 9V guides are reluctant to ski in the footsteps of others. Resourceful, they are always on the lookout for powder snow. They have the gift when it comes to finding the insider tips to ski where no one has yet been.<\/p>\n<\/p>\n<h4><strong>TECHNICIANS<\/strong><\/h4>\n<p>All 9V guides are UIAGM \/ IFMGA mountain guides or qualified ski instructors from the National Ski and Mountaineering School of Chamonix. On skis, their priorities are your safety and your enjoyment.<\/p>\n<\/p>\n<h4><strong>PEDAGOGUES<\/strong><\/h4>\n<p>They also know how to support you throughout the trip by helping you progress so that you end each holiday with a technical improvement.<\/p>\n<\/p>\n<h4><strong>BONS VIVANTS<\/strong><\/h4>\n<p>Beyond being mountain and ski professionals, they have the fiber of the traveler as well as a furious desire to share exceptional moments at your side.[\/vc_column_text][\/vc_column][\/vc_row]<br \/>\n          [vc_row full_height=&#8221;yes&#8221; equal_height=&#8221;yes&#8221; content_placement=&#8221;middle&#8221; el_class=&#8221;trombi&#8221;][vc_column][vc_row_inner equal_height=&#8221;yes&#8221; content_placement=&#8221;middle&#8221;][vc_column_inner width=&#8221;1\/4&#8243;][vc_hoverbox image=&#8221;4349&#8243; primary_title=&#8221;&#8221; hover_title=&#8221;Norbert&#8221; hover_title_font_container=&#8221;color:%23ffffff&#8221; hover_title_use_theme_fonts=&#8221;yes&#8221; shape=&#8221;round&#8221; hover_background_color=&#8221;custom&#8221; use_custom_fonts_hover_title=&#8221;true&#8221; hover_custom_background=&#8221;#251d59&#8243;]Fully qualified UIAGM \/ IFMGA mountain guide, Norbert is one of the safari pioneers who accompanied Ilse at the beginning of the 9 Valley adventure. It is our guru who knows everything![\/vc_hoverbox][vc_empty_space][\/vc_column_inner][vc_column_inner width=&#8221;1\/4&#8243;][vc_hoverbox image=&#8221;4415&#8243; primary_title=&#8221;&#8221; hover_title=&#8221;Fred&#8221; hover_title_font_container=&#8221;color:%23ffffff&#8221; hover_title_use_theme_fonts=&#8221;yes&#8221; shape=&#8221;round&#8221; hover_background_color=&#8221;custom&#8221; use_custom_fonts_hover_title=&#8221;true&#8221; hover_custom_background=&#8221;#251d59&#8243;]Fully qualified ski instructor, former freeride snowboard champion, he&#8217;s a born backpacker! When he is on his skis, he will find you powder snow.[\/vc_hoverbox][vc_empty_space][\/vc_column_inner][vc_column_inner width=&#8221;1\/4&#8243;][vc_hoverbox image=&#8221;5090&#8243; primary_title=&#8221;&#8221; hover_title=&#8221;Misha&#8221; hover_title_font_container=&#8221;color:%23ffffff&#8221; hover_title_use_theme_fonts=&#8221;yes&#8221; shape=&#8221;round&#8221; hover_background_color=&#8221;custom&#8221; use_custom_fonts_hover_title=&#8221;true&#8221; hover_custom_background=&#8221;#251d59&#8243;]Daughter of Ilse, Misha has always been immersed in the 9V spirit. Passionate about skiing and climbing, she is your main contact. She will answer all your questions and make sure you have everything you need.[\/vc_hoverbox][vc_empty_space][\/vc_column_inner][vc_column_inner width=&#8221;1\/4&#8243;][vc_hoverbox image=&#8221;4233&#8243; primary_title=&#8221;&#8221; hover_title=&#8221;Ghislain&#8221; hover_title_font_container=&#8221;color:%23ffffff&#8221; hover_title_use_theme_fonts=&#8221;yes&#8221; shape=&#8221;round&#8221; hover_background_color=&#8221;custom&#8221; use_custom_fonts_hover_title=&#8221;true&#8221; hover_custom_background=&#8221;#251d59&#8243;]Fully qualified ski instructor, he has at least 25 years of 9 Vall\u00e9es behind him! He is our Tarentaise valley specialist. Is meek as a lamb and the participants return over the years to ski with him. No doubt, he has a magic![\/vc_hoverbox][\/vc_column_inner][\/vc_row_inner][vc_row_inner equal_height=&#8221;yes&#8221; content_placement=&#8221;middle&#8221; css=&#8221;.vc_custom_1562857760818{margin-top: 40px !important;}&#8221;][vc_column_inner width=&#8221;1\/4&#8243;][vc_hoverbox image=&#8221;4482&#8243; primary_title=&#8221;&#8221; hover_title=&#8221;Adele&#8221; hover_title_font_container=&#8221;color:%23ffffff&#8221; hover_title_use_theme_fonts=&#8221;yes&#8221; shape=&#8221;round&#8221; hover_background_color=&#8221;custom&#8221; use_custom_fonts_hover_title=&#8221;true&#8221; hover_custom_background=&#8221;#251d59&#8243;]Aspiring mountain guide and daughter of Ilse. Adele is a gem. At only 24 years old, she already has a lot of experience and a long track record in ski mountaineering.[\/vc_hoverbox][vc_empty_space][\/vc_column_inner][vc_column_inner width=&#8221;1\/4&#8243;][vc_custom_heading text=&#8221;Aren&#8217;t they beautiful ?&#8221; font_container=&#8221;tag:div|font_size:48px|text_align:center|line_height:54px&#8221; use_theme_fonts=&#8221;yes&#8221; el_class=&#8221;voltage&#8221;][vc_empty_space][\/vc_column_inner][vc_column_inner width=&#8221;1\/4&#8243;][vc_hoverbox image=&#8221;4901&#8243; primary_title=&#8221;&#8221; hover_title=&#8221;PG&#8221; hover_title_font_container=&#8221;color:%23ffffff&#8221; hover_title_use_theme_fonts=&#8221;yes&#8221; shape=&#8221;round&#8221; hover_background_color=&#8221;custom&#8221; use_custom_fonts_hover_title=&#8221;true&#8221; hover_custom_background=&#8221;#251d59&#8243;]Ski instructor and former freestyle ski champion, he also knows how to ride powder in reverse! Always taking care of his groups, he is a great photographer who will delight you with his action shots .[\/vc_hoverbox][vc_empty_space][\/vc_column_inner][vc_column_inner width=&#8221;1\/4&#8243;][vc_hoverbox image=&#8221;4232&#8243; primary_title=&#8221;&#8221; hover_title=&#8221;Yannick&#8221; hover_title_font_container=&#8221;color:%23ffffff&#8221; hover_title_use_theme_fonts=&#8221;yes&#8221; shape=&#8221;round&#8221; hover_background_color=&#8221;custom&#8221; use_custom_fonts_hover_title=&#8221;true&#8221; hover_custom_background=&#8221;#251d59&#8243;]Fully qualified UIAGM \/ IFMGA mountain guide, Yannick is is our quiet force, he puts you at ease whatever your ski level so that you can enjoy the great skiing conditions that it finds for you![\/vc_hoverbox][\/vc_column_inner][\/vc_row_inner][vc_row_inner equal_height=&#8221;yes&#8221; content_placement=&#8221;middle&#8221; css=&#8221;.vc_custom_1562857760818{margin-top: 40px !important;}&#8221;][vc_column_inner width=&#8221;1\/4&#8243;][vc_hoverbox image=&#8221;4480&#8243; primary_title=&#8221;&#8221; hover_title=&#8221;Oscar&#8221; hover_title_font_container=&#8221;color:%23ffffff&#8221; hover_title_use_theme_fonts=&#8221;yes&#8221; shape=&#8221;round&#8221; hover_background_color=&#8221;custom&#8221; use_custom_fonts_hover_title=&#8221;true&#8221; hover_custom_background=&#8221;#251d59&#8243;]Fully qualified UIAGM \/ IFMGA mountain guide of the Aosta Valley, he has supervised alternately with Stefano our trip to Monte Rosa for more than ten years.[\/vc_hoverbox][vc_empty_space][\/vc_column_inner][vc_column_inner width=&#8221;1\/4&#8243;][vc_hoverbox primary_title=&#8221;Stefano&#8221; hover_title=&#8221;Stefano&#8221; hover_title_font_container=&#8221;color:%23ffffff&#8221; hover_title_use_theme_fonts=&#8221;yes&#8221; shape=&#8221;round&#8221; hover_background_color=&#8221;custom&#8221; use_custom_fonts_hover_title=&#8221;true&#8221; hover_custom_background=&#8221;#251d59&#8243;]Fully qualified UIAGM \/ IFMGA mountain guide of the Aosta Valley, he has supervised alternately with Oscar our trip to Monte Rosa for more than ten years.[\/vc_hoverbox][vc_empty_space][\/vc_column_inner][vc_column_inner width=&#8221;1\/4&#8243;][vc_hoverbox image=&#8221;4903&#8243; primary_title=&#8221;&#8221; hover_title=&#8221;Reinhard&#8221; hover_title_font_container=&#8221;color:%23ffffff&#8221; hover_title_use_theme_fonts=&#8221;yes&#8221; shape=&#8221;round&#8221; hover_background_color=&#8221;custom&#8221; use_custom_fonts_hover_title=&#8221;true&#8221; hover_custom_background=&#8221;#251d59&#8243;]Fully qualified UIAGM \/ IFMGA mountain guide of Sud-Tyrol, he has supervised our trip to Dolomites for more than twenty years.[\/vc_hoverbox][vc_empty_space][\/vc_column_inner][\/vc_row_inner][\/vc_column][\/vc_row]<br \/>\n          [vc_row full_width=&#8221;stretch_row&#8221; css=&#8221;.vc_custom_1562763100043{padding-top: 90px !important;padding-bottom: 90px !important;background-image: url(https:\/\/9vallees.com\/wp-content\/uploads\/2019\/07\/bg-call-to-action.jpg?id=207) !important;background-position: center !important;background-repeat: no-repeat !important;background-size: cover !important;}&#8221; el_class=&#8221;white&#8221;][vc_column][vc_custom_heading text=&#8221;Contact-us&#8221; font_container=&#8221;tag:div|font_size:40px|text_align:center|color:%23ffffff|line_height:48px&#8221; use_theme_fonts=&#8221;yes&#8221; el_class=&#8221;fw900&#8243;][vc_empty_space height=&#8221;20px&#8221;][vc_column_text el_class=&#8221;fz-medium&#8221;]<\/p>\n<p class=\"p1\" style=\"text-align: center;\">\n          <span class=\"s1\">+33(0)4 79 24 30 94<br \/>\norganisation@9vallees.com<\/span>[\/vc_column_text][\/vc_column][\/vc_row]<br \/>\n          [vc_row disable_element=&#8221;yes&#8221;][vc_column][vc_custom_heading text=&#8221;Frequently asked questions:&#8221; font_container=&#8221;tag:h2|font_size:30px|text_align:center|color:%23222222|line_height:40px&#8221; use_theme_fonts=&#8221;yes&#8221; el_class=&#8221;subline subline-thin&#8221;][vc_column_text el_class=&#8221;text-center lead&#8221;]We have answered a lot of questions that come up very often. Remember to have a look at it \ud83d\ude42 Thank you![\/vc_column_text][vc_row_inner][vc_column_inner width=&#8221;1\/2&#8243;][vc_toggle title=&#8221;Do you accept snowboarders?&#8221;]<\/p>\n<div>\n<p>It is with pleasure that we accept snowboarders when they register for a trip with a group of friends.<\/p><\/div>\n<div>\n<p>On the other hand, we cannot accept an individual snowboarder who wishes to participate in a trip where there are only skiers already registered. Indeed, the difference in trajectories as well as the differences in speed when traversing and on the flat affects the homogeneity of the groups.<\/p><\/div>\n<div>\n<p>For snowboarders wishing to participate in one of our trip, keep an eye on our site, we regularly create 100% snowboard groups which are aimed at individual participants.<\/p><\/div>\n<p>[\/vc_toggle][vc_toggle title=&#8221;Can I participate without ski touring experience?&#8221;]Powder skiing safaris are ideal for discovering the practice of climbing on sealskin. Indeed, we only practice sealskin during a short climb from the top of the ski lifts (slackcountry). The main thing is to have a correct physical condition and the desire to have a good time away from the crowds and the tracks.[\/vc_toggle][\/vc_column_inner][vc_column_inner width=&#8221;1\/2&#8243;][vc_toggle title=&#8221;Can I bring a teenager?&#8221;]It is quite possible as long as he already has some experience in off-piste skiing.[\/vc_toggle][vc_toggle title=&#8221;Soft bags or rigid suitcases?&#8221;]We advise you to bring a soft travel bag and a soft ski bag. In fact, this type of luggage is easier to pack when traveling by road (minivan in Japan \/ 4 wheel-drive pick-up truck in North America and South America). This is even more important during a trip based on a boat&#8230;[\/vc_toggle][\/vc_column_inner][\/vc_row_inner][\/vc_column][\/vc_row]\n          <\/p>\n","protected":false},"excerpt":{"rendered":"<p>[vc_row full_width=&#8221;stretch_row_content&#8221; content_placement=&#8221;middle&#8221; parallax=&#8221;content-moving-fade&#8221; css=&#8221;.vc_custom_1621514080160{background-position: center;background-repeat: no-repeat !important;background-size: cover !important;}&#8221; el_class=&#8221;sep-vallees&#8221;][vc_column offset=&#8221;vc_hidden-lg vc_hidden-md vc_hidden-sm&#8221; css=&#8221;.vc_custom_1621514287326{padding-top: 200px !important;padding-bottom: 200px !important;background-image: url(https:\/\/9vallees.com\/wp-content\/uploads\/2019\/07\/couv-guides.jpg?id=239)<\/p>\n","protected":false},"author":1,"featured_media":0,"parent":0,"menu_order":0,"comment_status":"closed","ping_status":"closed","template":"page-templates\/fullwidthpage.php","meta":{"footnotes":""},"class_list":["post-4297","page","type-page","status-publish","hentry"],"yoast_head":"<!-- This site is optimized with the Yoast SEO Premium plugin v22.9 (Yoast SEO v25.4) - https:\/\/yoast.com\/wordpress\/plugins\/seo\/ -->\n<title>9V guides , powder skiing safari and ski touring tours<\/title>\n<meta name=\"description\" content=\"Nos guides sont des baroudeurs exp\u00e9riment\u00e9s soucieux de votre s\u00e9curit\u00e9 \u00e0 tout instant, aventuriers et bons vivants. D\u00e9couvrez leur parcours\" \/>\n<meta name=\"robots\" content=\"index, follow, max-snippet:-1, max-image-preview:large, max-video-preview:-1\" \/>\n<link rel=\"canonical\" href=\"https:\/\/9vallees.com\/en\/9v-guides\/\" \/>\n<meta property=\"og:locale\" content=\"en_US\" \/>\n<meta property=\"og:type\" content=\"article\" \/>\n<meta property=\"og:title\" content=\"9V guides\" \/>\n<meta property=\"og:description\" content=\"Nos guides sont des baroudeurs exp\u00e9riment\u00e9s soucieux de votre s\u00e9curit\u00e9 \u00e0 tout instant, aventuriers et bons vivants. D\u00e9couvrez leur parcours\" \/>\n<meta property=\"og:url\" content=\"https:\/\/9vallees.com\/en\/9v-guides\/\" \/>\n<meta property=\"og:site_name\" content=\"9 Vall\u00e9es\" \/>\n<meta property=\"article:publisher\" content=\"https:\/\/www.facebook.com\/Ski-Safari-9-vallees-Worldwide-ski-adventures-since-1980-107412862637065\/\" \/>\n<meta property=\"article:modified_time\" content=\"2021-06-28T15:39:39+00:00\" \/>\n<meta property=\"og:image\" content=\"https:\/\/9vallees.com\/wp-content\/uploads\/2020\/02\/chili_heliski.jpg\" \/>\n\t<meta property=\"og:image:width\" content=\"1280\" \/>\n\t<meta property=\"og:image:height\" content=\"850\" \/>\n\t<meta property=\"og:image:type\" content=\"image\/jpeg\" \/>\n<meta name=\"twitter:card\" content=\"summary_large_image\" \/>\n<meta name=\"twitter:label1\" content=\"Est. reading time\" \/>\n\t<meta name=\"twitter:data1\" content=\"8 minutes\" \/>\n<script type=\"application\/ld+json\" class=\"yoast-schema-graph\">{\"@context\":\"https:\/\/schema.org\",\"@graph\":[{\"@type\":\"WebPage\",\"@id\":\"https:\/\/9vallees.com\/en\/9v-guides\/\",\"url\":\"https:\/\/9vallees.com\/en\/9v-guides\/\",\"name\":\"9V guides , powder skiing safari and ski touring tours\",\"isPartOf\":{\"@id\":\"https:\/\/9vallees.com\/en\/#website\"},\"datePublished\":\"2020-09-13T13:44:04+00:00\",\"dateModified\":\"2021-06-28T15:39:39+00:00\",\"description\":\"Nos guides sont des baroudeurs exp\u00e9riment\u00e9s soucieux de votre s\u00e9curit\u00e9 \u00e0 tout instant, aventuriers et bons vivants. D\u00e9couvrez leur parcours\",\"breadcrumb\":{\"@id\":\"https:\/\/9vallees.com\/en\/9v-guides\/#breadcrumb\"},\"inLanguage\":\"en-US\",\"potentialAction\":[{\"@type\":\"ReadAction\",\"target\":[\"https:\/\/9vallees.com\/en\/9v-guides\/\"]}]},{\"@type\":\"BreadcrumbList\",\"@id\":\"https:\/\/9vallees.com\/en\/9v-guides\/#breadcrumb\",\"itemListElement\":[{\"@type\":\"ListItem\",\"position\":1,\"name\":\"Home\",\"item\":\"https:\/\/9vallees.com\/en\/\"},{\"@type\":\"ListItem\",\"position\":2,\"name\":\"9V guides\"}]},{\"@type\":\"WebSite\",\"@id\":\"https:\/\/9vallees.com\/en\/#website\",\"url\":\"https:\/\/9vallees.com\/en\/\",\"name\":\"9 Vall\u00e9es\",\"description\":\"S\u00e9jours tout compris ski hors-piste - H\u00e9liski - Ski de rando encadr\u00e9 par des guides\",\"publisher\":{\"@id\":\"https:\/\/9vallees.com\/en\/#organization\"},\"alternateName\":\"S\u00e9jours Ski de Randonn\u00e9e, Freeride & H\u00e9liski dans 28 Destinations\",\"potentialAction\":[{\"@type\":\"SearchAction\",\"target\":{\"@type\":\"EntryPoint\",\"urlTemplate\":\"https:\/\/9vallees.com\/en\/?s={search_term_string}\"},\"query-input\":{\"@type\":\"PropertyValueSpecification\",\"valueRequired\":true,\"valueName\":\"search_term_string\"}}],\"inLanguage\":\"en-US\"},{\"@type\":\"Organization\",\"@id\":\"https:\/\/9vallees.com\/en\/#organization\",\"name\":\"9 Vall\u00e9es\",\"alternateName\":\"S\u00e9jour \u00e0 ski, safari, ski de randonn\u00e9e autour du monde\",\"url\":\"https:\/\/9vallees.com\/en\/\",\"logo\":{\"@type\":\"ImageObject\",\"inLanguage\":\"en-US\",\"@id\":\"https:\/\/9vallees.com\/en\/#\/schema\/logo\/image\/\",\"url\":\"https:\/\/9vallees.com\/wp-content\/uploads\/2019\/06\/logo-square-amp-9vallees.png\",\"contentUrl\":\"https:\/\/9vallees.com\/wp-content\/uploads\/2019\/06\/logo-square-amp-9vallees.png\",\"width\":190,\"height\":190,\"caption\":\"9 Vall\u00e9es\"},\"image\":{\"@id\":\"https:\/\/9vallees.com\/en\/#\/schema\/logo\/image\/\"},\"sameAs\":[\"https:\/\/www.facebook.com\/Ski-Safari-9-vallees-Worldwide-ski-adventures-since-1980-107412862637065\/\"]}]}<\/script>\n<!-- \/ Yoast SEO Premium plugin. -->","yoast_head_json":{"title":"9V guides , powder skiing safari and ski touring tours","description":"Nos guides sont des baroudeurs exp\u00e9riment\u00e9s soucieux de votre s\u00e9curit\u00e9 \u00e0 tout instant, aventuriers et bons vivants. D\u00e9couvrez leur parcours","robots":{"index":"index","follow":"follow","max-snippet":"max-snippet:-1","max-image-preview":"max-image-preview:large","max-video-preview":"max-video-preview:-1"},"canonical":"https:\/\/9vallees.com\/en\/9v-guides\/","og_locale":"en_US","og_type":"article","og_title":"9V guides","og_description":"Nos guides sont des baroudeurs exp\u00e9riment\u00e9s soucieux de votre s\u00e9curit\u00e9 \u00e0 tout instant, aventuriers et bons vivants. D\u00e9couvrez leur parcours","og_url":"https:\/\/9vallees.com\/en\/9v-guides\/","og_site_name":"9 Vall\u00e9es","article_publisher":"https:\/\/www.facebook.com\/Ski-Safari-9-vallees-Worldwide-ski-adventures-since-1980-107412862637065\/","article_modified_time":"2021-06-28T15:39:39+00:00","og_image":[{"width":1280,"height":850,"url":"https:\/\/9vallees.com\/wp-content\/uploads\/2020\/02\/chili_heliski.jpg","type":"image\/jpeg"}],"twitter_card":"summary_large_image","twitter_misc":{"Est. reading time":"8 minutes"},"schema":{"@context":"https:\/\/schema.org","@graph":[{"@type":"WebPage","@id":"https:\/\/9vallees.com\/en\/9v-guides\/","url":"https:\/\/9vallees.com\/en\/9v-guides\/","name":"9V guides , powder skiing safari and ski touring tours","isPartOf":{"@id":"https:\/\/9vallees.com\/en\/#website"},"datePublished":"2020-09-13T13:44:04+00:00","dateModified":"2021-06-28T15:39:39+00:00","description":"Nos guides sont des baroudeurs exp\u00e9riment\u00e9s soucieux de votre s\u00e9curit\u00e9 \u00e0 tout instant, aventuriers et bons vivants. D\u00e9couvrez leur parcours","breadcrumb":{"@id":"https:\/\/9vallees.com\/en\/9v-guides\/#breadcrumb"},"inLanguage":"en-US","potentialAction":[{"@type":"ReadAction","target":["https:\/\/9vallees.com\/en\/9v-guides\/"]}]},{"@type":"BreadcrumbList","@id":"https:\/\/9vallees.com\/en\/9v-guides\/#breadcrumb","itemListElement":[{"@type":"ListItem","position":1,"name":"Home","item":"https:\/\/9vallees.com\/en\/"},{"@type":"ListItem","position":2,"name":"9V guides"}]},{"@type":"WebSite","@id":"https:\/\/9vallees.com\/en\/#website","url":"https:\/\/9vallees.com\/en\/","name":"9 Vall\u00e9es","description":"S\u00e9jours tout compris ski hors-piste - H\u00e9liski - Ski de rando encadr\u00e9 par des guides","publisher":{"@id":"https:\/\/9vallees.com\/en\/#organization"},"alternateName":"S\u00e9jours Ski de Randonn\u00e9e, Freeride & H\u00e9liski dans 28 Destinations","potentialAction":[{"@type":"SearchAction","target":{"@type":"EntryPoint","urlTemplate":"https:\/\/9vallees.com\/en\/?s={search_term_string}"},"query-input":{"@type":"PropertyValueSpecification","valueRequired":true,"valueName":"search_term_string"}}],"inLanguage":"en-US"},{"@type":"Organization","@id":"https:\/\/9vallees.com\/en\/#organization","name":"9 Vall\u00e9es","alternateName":"S\u00e9jour \u00e0 ski, safari, ski de randonn\u00e9e autour du monde","url":"https:\/\/9vallees.com\/en\/","logo":{"@type":"ImageObject","inLanguage":"en-US","@id":"https:\/\/9vallees.com\/en\/#\/schema\/logo\/image\/","url":"https:\/\/9vallees.com\/wp-content\/uploads\/2019\/06\/logo-square-amp-9vallees.png","contentUrl":"https:\/\/9vallees.com\/wp-content\/uploads\/2019\/06\/logo-square-amp-9vallees.png","width":190,"height":190,"caption":"9 Vall\u00e9es"},"image":{"@id":"https:\/\/9vallees.com\/en\/#\/schema\/logo\/image\/"},"sameAs":["https:\/\/www.facebook.com\/Ski-Safari-9-vallees-Worldwide-ski-adventures-since-1980-107412862637065\/"]}]}},"_links":{"self":[{"href":"https:\/\/9vallees.com\/en\/wp-json\/wp\/v2\/pages\/4297","targetHints":{"allow":["GET"]}}],"collection":[{"href":"https:\/\/9vallees.com\/en\/wp-json\/wp\/v2\/pages"}],"about":[{"href":"https:\/\/9vallees.com\/en\/wp-json\/wp\/v2\/types\/page"}],"author":[{"embeddable":true,"href":"https:\/\/9vallees.com\/en\/wp-json\/wp\/v2\/users\/1"}],"replies":[{"embeddable":true,"href":"https:\/\/9vallees.com\/en\/wp-json\/wp\/v2\/comments?post=4297"}],"version-history":[{"count":70,"href":"https:\/\/9vallees.com\/en\/wp-json\/wp\/v2\/pages\/4297\/revisions"}],"predecessor-version":[{"id":8070,"href":"https:\/\/9vallees.com\/en\/wp-json\/wp\/v2\/pages\/4297\/revisions\/8070"}],"wp:attachment":[{"href":"https:\/\/9vallees.com\/en\/wp-json\/wp\/v2\/media?parent=4297"}],"curies":[{"name":"wp","href":"https:\/\/api.w.org\/{rel}","templated":true}]}}