{"id":4783,"date":"2020-09-21T20:11:23","date_gmt":"2020-09-21T18:11:23","guid":{"rendered":"https:\/\/9vallees.com\/heliskiing\/"},"modified":"2023-07-31T13:18:39","modified_gmt":"2023-07-31T11:18:39","slug":"heliskiing","status":"publish","type":"page","link":"https:\/\/9vallees.com\/en\/heliskiing\/","title":{"rendered":"H\u00e9liskiing"},"content":{"rendered":"<p>[vc_row full_width=&#8221;stretch_row&#8221; gap=&#8221;35&#8243; equal_height=&#8221;yes&#8221; content_placement=&#8221;middle&#8221; css=&#8221;.vc_custom_1621515470657{padding-top: 40px !important;padding-bottom: 20px !important;background-position: 0 0 !important;background-repeat: repeat !important;}&#8221; el_class=&#8221;topo sep-vallees&#8221;][vc_column width=&#8221;1\/3&#8243;][vc_single_image image=&#8221;7809&#8243; img_size=&#8221;large&#8221; css=&#8221;.vc_custom_1621286131130{margin-bottom: 0px !important;}&#8221; el_class=&#8221;col-6 col-md-12 d-block mx-auto&#8221;][\/vc_column][vc_column width=&#8221;2\/3&#8243;][vc_column_text el_class=&#8221;msr_bold&#8221;]<\/p>\n<h1>Heliskiing<\/h1>\n<p>[\/vc_column_text][vc_column_text]<\/p>\n<p style=\"text-align: justify;\">An heliskiing holiday is an exceptional trip where you can enjoy one of the most beautiful machines that man has invented for accessing remote terrain.<\/p>\n<p style=\"text-align: justify;\">It is clear that the helicopter is the ultimate mode of transportation.<\/p>\n<p style=\"text-align: justify;\">It allows us to move quickly in isolated regions, to fly over all obstacles and finally to drop skiers at the top of the mountains to let them enjoy virgin spaces and powder snow as far as the eye can see.<br \/>\nIn addition to allowing you to ski in abundant powder snow, flying over mountains and watch wildlife from above is an exceptional and unforgettable experience &#8230;<\/p>\n<p style=\"text-align: justify;\">However, mindful of the ecological impact of a heli-ski trip, we have decided to limit our offer to only a few destinations where the total absence of infrastructure and a particularly demanding topography, makes access to the mountains almost impossible.<\/p>\n<p style=\"text-align: justify;\">without helicopter.<\/p>\n<p style=\"text-align: justify;\">The end of heli-skiing?<\/p>\n<p style=\"text-align: justify;\">For us it is unequivocal, we started the process by reducing the number of proposed destinations and we decided to definitively stop heliskiing trips by 2025 &#8230;<\/p>\n<p style=\"text-align: justify;\"><a href=\"https:\/\/9vallees.com\/en\/heliskiing\/\"> All our heliskiing holidays<\/a><\/p>\n<p>[\/vc_column_text][\/vc_column][\/vc_row][vc_row el_id=&#8221;sejours&#8221;][vc_column][vc_basic_grid post_type=&#8221;sejour&#8221; max_items=&#8221;-1&#8243; style=&#8221;lazy&#8221; items_per_page=&#8221;6&#8243; show_filter=&#8221;yes&#8221; filter_default_title=&#8221;Toutes&#8221; item=&#8221;412&#8243; grid_id=&#8221;vc_gid:1621515445839-01915880-30cc-10&#8243; taxonomies=&#8221;7&#8243; filter_source=&#8221;localisation&#8221;][\/vc_column][\/vc_row][vc_row disable_element=&#8221;yes&#8221; css=&#8221;.vc_custom_1621514933040{padding-top: 40px !important;padding-bottom: 40px !important;}&#8221;][vc_column][vc_row_inner][vc_column_inner width=&#8221;1\/2&#8243;][vc_column_text]<\/p>\n<h2>Our groups<\/h2>\n<p>[\/vc_column_text][vc_column_text]They are made up of 4 participants per guide. All participants are equipped with A.B.S. avalanche rucksack and safety equipment triptych (shovel, probe and avalanche trasceiver). The guides are all equipped with radios and are in constant contact with the pilots and the base.[\/vc_column_text][vc_btn title=&#8221;Book&#8221; style=&#8221;gradient&#8221; gradient_color_1=&#8221;sky&#8221; gradient_color_2=&#8221;turquoise&#8221; shape=&#8221;round&#8221; align=&#8221;left&#8221; link=&#8221;url:http%3A%2F%2F9vallees%3A8888%2Freserver%2F|title:9V%20guides|&#8221;][\/vc_column_inner][vc_column_inner width=&#8221;1\/2&#8243;][vc_column_text]<\/p>\n<h2>9V guides<\/h2>\n<p>[\/vc_column_text][vc_column_text]They are fully qualified UIAGM \/ IFMGA high mountain guides and ski instructors graduated from the National School of Ski and Mountaineering of Chamonix. Together, they have several decades of experience in heliskiing. They know like the back of their handl the most beautiful descents and the secret itineraries of each destination. They always choose the best itineraries based on the quality and stability of the snow.[\/vc_column_text][vc_btn title=&#8221;See 9V guides&#8221; style=&#8221;gradient&#8221; gradient_color_1=&#8221;sky&#8221; gradient_color_2=&#8221;turquoise&#8221; shape=&#8221;round&#8221; align=&#8221;left&#8221; link=&#8221;url:http%3A%2F%2F9vallees%3A8888%2Fnos-guides%2F|title:9V%20guides|&#8221;][\/vc_column_inner][\/vc_row_inner][\/vc_column][\/vc_row][vc_row full_width=&#8221;stretch_row&#8221; disable_element=&#8221;yes&#8221; css=&#8221;.vc_custom_1621514941000{margin-top: 0px !important;padding-top: 40px !important;padding-bottom: 30px !important;background-color: #f3f3f3 !important;}&#8221;][vc_column][vc_column_text el_class=&#8221;subline subline-thin&#8221;]<\/p>\n<h2>Frenquently asked questions<\/h2>\n<p>[\/vc_column_text][vc_basic_grid post_type=&#8221;faqs&#8221; max_items=&#8221;10&#8243; item=&#8221;697&#8243; grid_id=&#8221;vc_gid:1621515445846-f2ea37a6-ec68-9&#8243; taxonomies=&#8221;30&#8243;][\/vc_column][\/vc_row][vc_row disable_element=&#8221;yes&#8221; css=&#8221;.vc_custom_1621514947311{margin-top: 40px !important;padding-top: 40px !important;}&#8221;][vc_column][vc_column_text el_class=&#8221;subline subline-thin&#8221;]<\/p>\n<h2>Testimonials<\/h2>\n<p>[\/vc_column_text][vc_basic_grid post_type=&#8221;post&#8221; max_items=&#8221;4&#8243; element_width=&#8221;12&#8243; item=&#8221;389&#8243; grid_id=&#8221;vc_gid:1621515445852-981f6ca9-c315-9&#8243; taxonomies=&#8221;23&#8243;][\/vc_column][\/vc_row]<\/p>\n","protected":false},"excerpt":{"rendered":"<p>[vc_row full_width=&#8221;stretch_row&#8221; gap=&#8221;35&#8243; equal_height=&#8221;yes&#8221; content_placement=&#8221;middle&#8221; css=&#8221;.vc_custom_1621515470657{padding-top: 40px !important;padding-bottom: 20px !important;background-position: 0 0 !important;background-repeat: repeat !important;}&#8221; el_class=&#8221;topo sep-vallees&#8221;][vc_column width=&#8221;1\/3&#8243;][vc_single_image image=&#8221;7809&#8243; img_size=&#8221;large&#8221;<\/p>\n","protected":false},"author":1,"featured_media":0,"parent":0,"menu_order":0,"comment_status":"closed","ping_status":"closed","template":"","meta":{"footnotes":""},"class_list":["post-4783","page","type-page","status-publish","hentry"],"yoast_head":"<!-- This site is optimized with the Yoast SEO Premium plugin v22.9 (Yoast SEO v25.4) - https:\/\/yoast.com\/wordpress\/plugins\/seo\/ -->\n<title>H\u00e9liskiing - 9 Vall\u00e9es<\/title>\n<meta name=\"description\" content=\"Discover our H\u00e9liskiing offers in Russia and Italy. An heliskiing holiday is an exceptional trip where you can enjoy one of the most beautiful machines that man has invented for accessing remote terrain.\" \/>\n<meta name=\"robots\" content=\"index, follow, max-snippet:-1, max-image-preview:large, max-video-preview:-1\" \/>\n<link rel=\"canonical\" href=\"https:\/\/9vallees.com\/en\/heliskiing\/\" \/>\n<meta property=\"og:locale\" content=\"en_US\" \/>\n<meta property=\"og:type\" content=\"article\" \/>\n<meta property=\"og:title\" content=\"H\u00e9liskiing\" \/>\n<meta property=\"og:description\" content=\"Discover our H\u00e9liskiing offers in Russia and Italy. An heliskiing holiday is an exceptional trip where you can enjoy one of the most beautiful machines that man has invented for accessing remote terrain.\" \/>\n<meta property=\"og:url\" content=\"https:\/\/9vallees.com\/en\/heliskiing\/\" \/>\n<meta property=\"og:site_name\" content=\"9 Vall\u00e9es\" \/>\n<meta property=\"article:publisher\" content=\"https:\/\/www.facebook.com\/Ski-Safari-9-vallees-Worldwide-ski-adventures-since-1980-107412862637065\/\" \/>\n<meta property=\"article:modified_time\" content=\"2023-07-31T11:18:39+00:00\" \/>\n<meta property=\"og:image\" content=\"https:\/\/9vallees.com\/wp-content\/uploads\/2020\/02\/chili_heliski.jpg\" \/>\n\t<meta property=\"og:image:width\" content=\"1280\" \/>\n\t<meta property=\"og:image:height\" content=\"850\" \/>\n\t<meta property=\"og:image:type\" content=\"image\/jpeg\" \/>\n<meta name=\"twitter:card\" content=\"summary_large_image\" \/>\n<meta name=\"twitter:label1\" content=\"Est. reading time\" \/>\n\t<meta name=\"twitter:data1\" content=\"3 minutes\" \/>\n<script type=\"application\/ld+json\" class=\"yoast-schema-graph\">{\"@context\":\"https:\/\/schema.org\",\"@graph\":[{\"@type\":\"WebPage\",\"@id\":\"https:\/\/9vallees.com\/en\/heliskiing\/\",\"url\":\"https:\/\/9vallees.com\/en\/heliskiing\/\",\"name\":\"H\u00e9liskiing - 9 Vall\u00e9es\",\"isPartOf\":{\"@id\":\"https:\/\/9vallees.com\/en\/#website\"},\"datePublished\":\"2020-09-21T18:11:23+00:00\",\"dateModified\":\"2023-07-31T11:18:39+00:00\",\"description\":\"Discover our H\u00e9liskiing offers in Russia and Italy. An heliskiing holiday is an exceptional trip where you can enjoy one of the most beautiful machines that man has invented for accessing remote terrain.\",\"breadcrumb\":{\"@id\":\"https:\/\/9vallees.com\/en\/heliskiing\/#breadcrumb\"},\"inLanguage\":\"en-US\",\"potentialAction\":[{\"@type\":\"ReadAction\",\"target\":[\"https:\/\/9vallees.com\/en\/heliskiing\/\"]}]},{\"@type\":\"BreadcrumbList\",\"@id\":\"https:\/\/9vallees.com\/en\/heliskiing\/#breadcrumb\",\"itemListElement\":[{\"@type\":\"ListItem\",\"position\":1,\"name\":\"Home\",\"item\":\"https:\/\/9vallees.com\/en\/\"},{\"@type\":\"ListItem\",\"position\":2,\"name\":\"H\u00e9liskiing\"}]},{\"@type\":\"WebSite\",\"@id\":\"https:\/\/9vallees.com\/en\/#website\",\"url\":\"https:\/\/9vallees.com\/en\/\",\"name\":\"9 Vall\u00e9es\",\"description\":\"S\u00e9jours tout compris ski hors-piste - H\u00e9liski - Ski de rando encadr\u00e9 par des guides\",\"publisher\":{\"@id\":\"https:\/\/9vallees.com\/en\/#organization\"},\"alternateName\":\"S\u00e9jours Ski de Randonn\u00e9e, Freeride & H\u00e9liski dans 28 Destinations\",\"potentialAction\":[{\"@type\":\"SearchAction\",\"target\":{\"@type\":\"EntryPoint\",\"urlTemplate\":\"https:\/\/9vallees.com\/en\/?s={search_term_string}\"},\"query-input\":{\"@type\":\"PropertyValueSpecification\",\"valueRequired\":true,\"valueName\":\"search_term_string\"}}],\"inLanguage\":\"en-US\"},{\"@type\":\"Organization\",\"@id\":\"https:\/\/9vallees.com\/en\/#organization\",\"name\":\"9 Vall\u00e9es\",\"alternateName\":\"S\u00e9jour \u00e0 ski, safari, ski de randonn\u00e9e autour du monde\",\"url\":\"https:\/\/9vallees.com\/en\/\",\"logo\":{\"@type\":\"ImageObject\",\"inLanguage\":\"en-US\",\"@id\":\"https:\/\/9vallees.com\/en\/#\/schema\/logo\/image\/\",\"url\":\"https:\/\/9vallees.com\/wp-content\/uploads\/2019\/06\/logo-square-amp-9vallees.png\",\"contentUrl\":\"https:\/\/9vallees.com\/wp-content\/uploads\/2019\/06\/logo-square-amp-9vallees.png\",\"width\":190,\"height\":190,\"caption\":\"9 Vall\u00e9es\"},\"image\":{\"@id\":\"https:\/\/9vallees.com\/en\/#\/schema\/logo\/image\/\"},\"sameAs\":[\"https:\/\/www.facebook.com\/Ski-Safari-9-vallees-Worldwide-ski-adventures-since-1980-107412862637065\/\"]}]}<\/script>\n<!-- \/ Yoast SEO Premium plugin. -->","yoast_head_json":{"title":"H\u00e9liskiing - 9 Vall\u00e9es","description":"Discover our H\u00e9liskiing offers in Russia and Italy. An heliskiing holiday is an exceptional trip where you can enjoy one of the most beautiful machines that man has invented for accessing remote terrain.","robots":{"index":"index","follow":"follow","max-snippet":"max-snippet:-1","max-image-preview":"max-image-preview:large","max-video-preview":"max-video-preview:-1"},"canonical":"https:\/\/9vallees.com\/en\/heliskiing\/","og_locale":"en_US","og_type":"article","og_title":"H\u00e9liskiing","og_description":"Discover our H\u00e9liskiing offers in Russia and Italy. An heliskiing holiday is an exceptional trip where you can enjoy one of the most beautiful machines that man has invented for accessing remote terrain.","og_url":"https:\/\/9vallees.com\/en\/heliskiing\/","og_site_name":"9 Vall\u00e9es","article_publisher":"https:\/\/www.facebook.com\/Ski-Safari-9-vallees-Worldwide-ski-adventures-since-1980-107412862637065\/","article_modified_time":"2023-07-31T11:18:39+00:00","og_image":[{"width":1280,"height":850,"url":"https:\/\/9vallees.com\/wp-content\/uploads\/2020\/02\/chili_heliski.jpg","type":"image\/jpeg"}],"twitter_card":"summary_large_image","twitter_misc":{"Est. reading time":"3 minutes"},"schema":{"@context":"https:\/\/schema.org","@graph":[{"@type":"WebPage","@id":"https:\/\/9vallees.com\/en\/heliskiing\/","url":"https:\/\/9vallees.com\/en\/heliskiing\/","name":"H\u00e9liskiing - 9 Vall\u00e9es","isPartOf":{"@id":"https:\/\/9vallees.com\/en\/#website"},"datePublished":"2020-09-21T18:11:23+00:00","dateModified":"2023-07-31T11:18:39+00:00","description":"Discover our H\u00e9liskiing offers in Russia and Italy. An heliskiing holiday is an exceptional trip where you can enjoy one of the most beautiful machines that man has invented for accessing remote terrain.","breadcrumb":{"@id":"https:\/\/9vallees.com\/en\/heliskiing\/#breadcrumb"},"inLanguage":"en-US","potentialAction":[{"@type":"ReadAction","target":["https:\/\/9vallees.com\/en\/heliskiing\/"]}]},{"@type":"BreadcrumbList","@id":"https:\/\/9vallees.com\/en\/heliskiing\/#breadcrumb","itemListElement":[{"@type":"ListItem","position":1,"name":"Home","item":"https:\/\/9vallees.com\/en\/"},{"@type":"ListItem","position":2,"name":"H\u00e9liskiing"}]},{"@type":"WebSite","@id":"https:\/\/9vallees.com\/en\/#website","url":"https:\/\/9vallees.com\/en\/","name":"9 Vall\u00e9es","description":"S\u00e9jours tout compris ski hors-piste - H\u00e9liski - Ski de rando encadr\u00e9 par des guides","publisher":{"@id":"https:\/\/9vallees.com\/en\/#organization"},"alternateName":"S\u00e9jours Ski de Randonn\u00e9e, Freeride & H\u00e9liski dans 28 Destinations","potentialAction":[{"@type":"SearchAction","target":{"@type":"EntryPoint","urlTemplate":"https:\/\/9vallees.com\/en\/?s={search_term_string}"},"query-input":{"@type":"PropertyValueSpecification","valueRequired":true,"valueName":"search_term_string"}}],"inLanguage":"en-US"},{"@type":"Organization","@id":"https:\/\/9vallees.com\/en\/#organization","name":"9 Vall\u00e9es","alternateName":"S\u00e9jour \u00e0 ski, safari, ski de randonn\u00e9e autour du monde","url":"https:\/\/9vallees.com\/en\/","logo":{"@type":"ImageObject","inLanguage":"en-US","@id":"https:\/\/9vallees.com\/en\/#\/schema\/logo\/image\/","url":"https:\/\/9vallees.com\/wp-content\/uploads\/2019\/06\/logo-square-amp-9vallees.png","contentUrl":"https:\/\/9vallees.com\/wp-content\/uploads\/2019\/06\/logo-square-amp-9vallees.png","width":190,"height":190,"caption":"9 Vall\u00e9es"},"image":{"@id":"https:\/\/9vallees.com\/en\/#\/schema\/logo\/image\/"},"sameAs":["https:\/\/www.facebook.com\/Ski-Safari-9-vallees-Worldwide-ski-adventures-since-1980-107412862637065\/"]}]}},"_links":{"self":[{"href":"https:\/\/9vallees.com\/en\/wp-json\/wp\/v2\/pages\/4783","targetHints":{"allow":["GET"]}}],"collection":[{"href":"https:\/\/9vallees.com\/en\/wp-json\/wp\/v2\/pages"}],"about":[{"href":"https:\/\/9vallees.com\/en\/wp-json\/wp\/v2\/types\/page"}],"author":[{"embeddable":true,"href":"https:\/\/9vallees.com\/en\/wp-json\/wp\/v2\/users\/1"}],"replies":[{"embeddable":true,"href":"https:\/\/9vallees.com\/en\/wp-json\/wp\/v2\/comments?post=4783"}],"version-history":[{"count":16,"href":"https:\/\/9vallees.com\/en\/wp-json\/wp\/v2\/pages\/4783\/revisions"}],"predecessor-version":[{"id":7909,"href":"https:\/\/9vallees.com\/en\/wp-json\/wp\/v2\/pages\/4783\/revisions\/7909"}],"wp:attachment":[{"href":"https:\/\/9vallees.com\/en\/wp-json\/wp\/v2\/media?parent=4783"}],"curies":[{"name":"wp","href":"https:\/\/api.w.org\/{rel}","templated":true}]}}