{"id":4811,"date":"2020-09-21T22:53:20","date_gmt":"2020-09-21T20:53:20","guid":{"rendered":"https:\/\/9vallees.com\/our-history\/"},"modified":"2023-08-07T14:05:27","modified_gmt":"2023-08-07T12:05:27","slug":"our-history","status":"publish","type":"page","link":"https:\/\/9vallees.com\/en\/our-history\/","title":{"rendered":"Our history"},"content":{"rendered":"<p>[vc_row full_width=&#8221;stretch_row&#8221; content_placement=&#8221;middle&#8221; css=&#8221;.vc_custom_1621513755133{background-position: center !important;background-repeat: no-repeat !important;background-size: cover !important;}&#8221; el_class=&#8221;sep-vallees&#8221;][vc_column offset=&#8221;vc_hidden-lg vc_hidden-md vc_hidden-sm&#8221; css=&#8221;.vc_custom_1621514610960{padding-top: 200px !important;padding-bottom: 200px !important;background-image: url(https:\/\/9vallees.com\/wp-content\/uploads\/2020\/07\/13183558391980-poudreuse-groupe.jpg?id=2491) !important;background-position: center !important;background-repeat: no-repeat !important;background-size: cover !important;}&#8221;][vc_custom_heading source=&#8221;post_title&#8221; font_container=&#8221;tag:h1|font_size:54|text_align:center|color:%23ffffff&#8221; use_theme_fonts=&#8221;yes&#8221; css=&#8221;.vc_custom_1621514616561{background-position: center !important;background-repeat: no-repeat !important;background-size: cover !important;}&#8221;][\/vc_column][\/vc_row]<br \/>\n[vc_row][vc_column][vc_column_text]<\/p>\n<div>\n<h4><strong>Pioneers<\/strong><\/h4>\n<\/div>\n<div>\n<p>In 1980, Ilse Prevot dreamed of linking the most beautiful off-piste ski itineraries in the Alps. She creates with some friends mountain guide the first ski safari. Right from the start, skiing the powder on the wild slopes of the Alps and discovering the way of life of each valley, seduces participants of all nationalities.<\/p>\n<\/div>\n<div><\/div>\n<div>\n<h4><strong>Family business<\/strong><\/h4>\n<\/div>\n<div>\n<p>In 2007, Ilse&#8217;s daughter Misha and Fred, both &#8220;born on skis&#8221;, took up the torch. They are bringing their two cents by inventing a new series of ski safari abroad. They thus perpetuate the legacy of Ilse who was an unconditional lover of powder skiing and travel.<\/p>\n<\/div>\n<div><\/div>\n<div>\n<h4><strong>Passion<\/strong><\/h4>\n<\/div>\n<div>\n<p>Nowadays, it is often regulars, who have become true friends, who share their dreams with us and inspire the design of new trip. Thus, for 40 years, we have been regularly creating new ski trips off the beaten track. By constantly exploring new destinations, we live together these intense moments of sharing that gives us the chill!<\/p>\n<\/div>\n<p>[\/vc_column_text][\/vc_column][\/vc_row]<\/p>\n","protected":false},"excerpt":{"rendered":"<p>[vc_row full_width=&#8221;stretch_row&#8221; content_placement=&#8221;middle&#8221; css=&#8221;.vc_custom_1621513755133{background-position: center !important;background-repeat: no-repeat !important;background-size: cover !important;}&#8221; el_class=&#8221;sep-vallees&#8221;][vc_column offset=&#8221;vc_hidden-lg vc_hidden-md vc_hidden-sm&#8221; css=&#8221;.vc_custom_1621514610960{padding-top: 200px !important;padding-bottom: 200px !important;background-image: url(https:\/\/9vallees.com\/wp-content\/uploads\/2020\/07\/13183558391980-poudreuse-groupe.jpg?id=2491)<\/p>\n","protected":false},"author":1,"featured_media":0,"parent":0,"menu_order":0,"comment_status":"closed","ping_status":"closed","template":"page-templates\/fullwidthpage.php","meta":{"footnotes":""},"class_list":["post-4811","page","type-page","status-publish","hentry"],"yoast_head":"<!-- This site is optimized with the Yoast SEO Premium plugin v22.9 (Yoast SEO v25.4) - https:\/\/yoast.com\/wordpress\/plugins\/seo\/ -->\n<title>9 Vall\u00e9es - 40 years of powder skiing safari and ski touring tours<\/title>\n<meta name=\"description\" content=\"For 40 years, we have been organizing ski trips all-over the world to discover the most beautiful snow-covered slopes\" \/>\n<meta name=\"robots\" content=\"index, follow, max-snippet:-1, max-image-preview:large, max-video-preview:-1\" \/>\n<link rel=\"canonical\" href=\"https:\/\/9vallees.com\/en\/our-history\/\" \/>\n<meta property=\"og:locale\" content=\"en_US\" \/>\n<meta property=\"og:type\" content=\"article\" \/>\n<meta property=\"og:title\" content=\"Our history\" \/>\n<meta property=\"og:description\" content=\"For 40 years, we have been organizing ski trips all-over the world to discover the most beautiful snow-covered slopes\" \/>\n<meta property=\"og:url\" content=\"https:\/\/9vallees.com\/en\/our-history\/\" \/>\n<meta property=\"og:site_name\" content=\"9 Vall\u00e9es\" \/>\n<meta property=\"article:publisher\" content=\"https:\/\/www.facebook.com\/Ski-Safari-9-vallees-Worldwide-ski-adventures-since-1980-107412862637065\/\" \/>\n<meta property=\"article:modified_time\" content=\"2023-08-07T12:05:27+00:00\" \/>\n<meta property=\"og:image\" content=\"https:\/\/9vallees.com\/wp-content\/uploads\/2020\/02\/chili_heliski.jpg\" \/>\n\t<meta property=\"og:image:width\" content=\"1280\" \/>\n\t<meta property=\"og:image:height\" content=\"850\" \/>\n\t<meta property=\"og:image:type\" content=\"image\/jpeg\" \/>\n<meta name=\"twitter:card\" content=\"summary_large_image\" \/>\n<meta name=\"twitter:label1\" content=\"Est. reading time\" \/>\n\t<meta name=\"twitter:data1\" content=\"2 minutes\" \/>\n<script type=\"application\/ld+json\" class=\"yoast-schema-graph\">{\"@context\":\"https:\/\/schema.org\",\"@graph\":[{\"@type\":[\"WebPage\",\"AboutPage\"],\"@id\":\"https:\/\/9vallees.com\/en\/our-history\/\",\"url\":\"https:\/\/9vallees.com\/en\/our-history\/\",\"name\":\"9 Vall\u00e9es - 40 years of powder skiing safari and ski touring tours\",\"isPartOf\":{\"@id\":\"https:\/\/9vallees.com\/en\/#website\"},\"datePublished\":\"2020-09-21T20:53:20+00:00\",\"dateModified\":\"2023-08-07T12:05:27+00:00\",\"description\":\"For 40 years, we have been organizing ski trips all-over the world to discover the most beautiful snow-covered slopes\",\"breadcrumb\":{\"@id\":\"https:\/\/9vallees.com\/en\/our-history\/#breadcrumb\"},\"inLanguage\":\"en-US\",\"potentialAction\":[{\"@type\":\"ReadAction\",\"target\":[\"https:\/\/9vallees.com\/en\/our-history\/\"]}]},{\"@type\":\"BreadcrumbList\",\"@id\":\"https:\/\/9vallees.com\/en\/our-history\/#breadcrumb\",\"itemListElement\":[{\"@type\":\"ListItem\",\"position\":1,\"name\":\"Home\",\"item\":\"https:\/\/9vallees.com\/en\/\"},{\"@type\":\"ListItem\",\"position\":2,\"name\":\"Our history\"}]},{\"@type\":\"WebSite\",\"@id\":\"https:\/\/9vallees.com\/en\/#website\",\"url\":\"https:\/\/9vallees.com\/en\/\",\"name\":\"9 Vall\u00e9es\",\"description\":\"S\u00e9jours tout compris ski hors-piste - H\u00e9liski - Ski de rando encadr\u00e9 par des guides\",\"publisher\":{\"@id\":\"https:\/\/9vallees.com\/en\/#organization\"},\"alternateName\":\"S\u00e9jours Ski de Randonn\u00e9e, Freeride & H\u00e9liski dans 28 Destinations\",\"potentialAction\":[{\"@type\":\"SearchAction\",\"target\":{\"@type\":\"EntryPoint\",\"urlTemplate\":\"https:\/\/9vallees.com\/en\/?s={search_term_string}\"},\"query-input\":{\"@type\":\"PropertyValueSpecification\",\"valueRequired\":true,\"valueName\":\"search_term_string\"}}],\"inLanguage\":\"en-US\"},{\"@type\":\"Organization\",\"@id\":\"https:\/\/9vallees.com\/en\/#organization\",\"name\":\"9 Vall\u00e9es\",\"alternateName\":\"S\u00e9jour \u00e0 ski, safari, ski de randonn\u00e9e autour du monde\",\"url\":\"https:\/\/9vallees.com\/en\/\",\"logo\":{\"@type\":\"ImageObject\",\"inLanguage\":\"en-US\",\"@id\":\"https:\/\/9vallees.com\/en\/#\/schema\/logo\/image\/\",\"url\":\"https:\/\/9vallees.com\/wp-content\/uploads\/2019\/06\/logo-square-amp-9vallees.png\",\"contentUrl\":\"https:\/\/9vallees.com\/wp-content\/uploads\/2019\/06\/logo-square-amp-9vallees.png\",\"width\":190,\"height\":190,\"caption\":\"9 Vall\u00e9es\"},\"image\":{\"@id\":\"https:\/\/9vallees.com\/en\/#\/schema\/logo\/image\/\"},\"sameAs\":[\"https:\/\/www.facebook.com\/Ski-Safari-9-vallees-Worldwide-ski-adventures-since-1980-107412862637065\/\"]}]}<\/script>\n<!-- \/ Yoast SEO Premium plugin. -->","yoast_head_json":{"title":"9 Vall\u00e9es - 40 years of powder skiing safari and ski touring tours","description":"For 40 years, we have been organizing ski trips all-over the world to discover the most beautiful snow-covered slopes","robots":{"index":"index","follow":"follow","max-snippet":"max-snippet:-1","max-image-preview":"max-image-preview:large","max-video-preview":"max-video-preview:-1"},"canonical":"https:\/\/9vallees.com\/en\/our-history\/","og_locale":"en_US","og_type":"article","og_title":"Our history","og_description":"For 40 years, we have been organizing ski trips all-over the world to discover the most beautiful snow-covered slopes","og_url":"https:\/\/9vallees.com\/en\/our-history\/","og_site_name":"9 Vall\u00e9es","article_publisher":"https:\/\/www.facebook.com\/Ski-Safari-9-vallees-Worldwide-ski-adventures-since-1980-107412862637065\/","article_modified_time":"2023-08-07T12:05:27+00:00","og_image":[{"width":1280,"height":850,"url":"https:\/\/9vallees.com\/wp-content\/uploads\/2020\/02\/chili_heliski.jpg","type":"image\/jpeg"}],"twitter_card":"summary_large_image","twitter_misc":{"Est. reading time":"2 minutes"},"schema":{"@context":"https:\/\/schema.org","@graph":[{"@type":["WebPage","AboutPage"],"@id":"https:\/\/9vallees.com\/en\/our-history\/","url":"https:\/\/9vallees.com\/en\/our-history\/","name":"9 Vall\u00e9es - 40 years of powder skiing safari and ski touring tours","isPartOf":{"@id":"https:\/\/9vallees.com\/en\/#website"},"datePublished":"2020-09-21T20:53:20+00:00","dateModified":"2023-08-07T12:05:27+00:00","description":"For 40 years, we have been organizing ski trips all-over the world to discover the most beautiful snow-covered slopes","breadcrumb":{"@id":"https:\/\/9vallees.com\/en\/our-history\/#breadcrumb"},"inLanguage":"en-US","potentialAction":[{"@type":"ReadAction","target":["https:\/\/9vallees.com\/en\/our-history\/"]}]},{"@type":"BreadcrumbList","@id":"https:\/\/9vallees.com\/en\/our-history\/#breadcrumb","itemListElement":[{"@type":"ListItem","position":1,"name":"Home","item":"https:\/\/9vallees.com\/en\/"},{"@type":"ListItem","position":2,"name":"Our history"}]},{"@type":"WebSite","@id":"https:\/\/9vallees.com\/en\/#website","url":"https:\/\/9vallees.com\/en\/","name":"9 Vall\u00e9es","description":"S\u00e9jours tout compris ski hors-piste - H\u00e9liski - Ski de rando encadr\u00e9 par des guides","publisher":{"@id":"https:\/\/9vallees.com\/en\/#organization"},"alternateName":"S\u00e9jours Ski de Randonn\u00e9e, Freeride & H\u00e9liski dans 28 Destinations","potentialAction":[{"@type":"SearchAction","target":{"@type":"EntryPoint","urlTemplate":"https:\/\/9vallees.com\/en\/?s={search_term_string}"},"query-input":{"@type":"PropertyValueSpecification","valueRequired":true,"valueName":"search_term_string"}}],"inLanguage":"en-US"},{"@type":"Organization","@id":"https:\/\/9vallees.com\/en\/#organization","name":"9 Vall\u00e9es","alternateName":"S\u00e9jour \u00e0 ski, safari, ski de randonn\u00e9e autour du monde","url":"https:\/\/9vallees.com\/en\/","logo":{"@type":"ImageObject","inLanguage":"en-US","@id":"https:\/\/9vallees.com\/en\/#\/schema\/logo\/image\/","url":"https:\/\/9vallees.com\/wp-content\/uploads\/2019\/06\/logo-square-amp-9vallees.png","contentUrl":"https:\/\/9vallees.com\/wp-content\/uploads\/2019\/06\/logo-square-amp-9vallees.png","width":190,"height":190,"caption":"9 Vall\u00e9es"},"image":{"@id":"https:\/\/9vallees.com\/en\/#\/schema\/logo\/image\/"},"sameAs":["https:\/\/www.facebook.com\/Ski-Safari-9-vallees-Worldwide-ski-adventures-since-1980-107412862637065\/"]}]}},"_links":{"self":[{"href":"https:\/\/9vallees.com\/en\/wp-json\/wp\/v2\/pages\/4811","targetHints":{"allow":["GET"]}}],"collection":[{"href":"https:\/\/9vallees.com\/en\/wp-json\/wp\/v2\/pages"}],"about":[{"href":"https:\/\/9vallees.com\/en\/wp-json\/wp\/v2\/types\/page"}],"author":[{"embeddable":true,"href":"https:\/\/9vallees.com\/en\/wp-json\/wp\/v2\/users\/1"}],"replies":[{"embeddable":true,"href":"https:\/\/9vallees.com\/en\/wp-json\/wp\/v2\/comments?post=4811"}],"version-history":[{"count":23,"href":"https:\/\/9vallees.com\/en\/wp-json\/wp\/v2\/pages\/4811\/revisions"}],"predecessor-version":[{"id":8886,"href":"https:\/\/9vallees.com\/en\/wp-json\/wp\/v2\/pages\/4811\/revisions\/8886"}],"wp:attachment":[{"href":"https:\/\/9vallees.com\/en\/wp-json\/wp\/v2\/media?parent=4811"}],"curies":[{"name":"wp","href":"https:\/\/api.w.org\/{rel}","templated":true}]}}