{"id":5103,"date":"2020-09-27T22:57:08","date_gmt":"2020-09-27T20:57:08","guid":{"rendered":"https:\/\/9vallees.com\/safety-2\/"},"modified":"2021-06-02T18:46:04","modified_gmt":"2021-06-02T16:46:04","slug":"safety","status":"publish","type":"page","link":"https:\/\/9vallees.com\/en\/safety\/","title":{"rendered":"Safety"},"content":{"rendered":"<p>\n          [vc_row full_width=&#8221;stretch_row&#8221; content_placement=&#8221;middle&#8221; css=&#8221;.vc_custom_1621513755133{background-position: center !important;background-repeat: no-repeat !important;background-size: cover !important;}&#8221; el_class=&#8221;sep-vallees&#8221;][vc_column offset=&#8221;vc_hidden-lg vc_hidden-md vc_hidden-sm&#8221; css=&#8221;.vc_custom_1621514205369{padding-top: 200px !important;padding-bottom: 200px !important;background-image: url(https:\/\/9vallees.com\/wp-content\/uploads\/2019\/11\/avalanche-warning.jpg?id=607) !important;background-position: center !important;background-repeat: no-repeat !important;background-size: cover !important;}&#8221;][vc_custom_heading source=&#8221;post_title&#8221; font_container=&#8221;tag:h1|font_size:54|text_align:center|color:%23ffffff&#8221; use_theme_fonts=&#8221;yes&#8221; css=&#8221;.vc_custom_1621514327828{background-position: center !important;background-repeat: no-repeat !important;background-size: cover !important;}&#8221;][\/vc_column][\/vc_row]<br \/>\n          [vc_row el_id=&#8221;content-securite&#8221;][vc_column width=&#8221;1\/2&#8243;][vc_column_text el_class=&#8221;text-center subline subline-thin&#8221;]<\/p>\n<h2>off-piste skiing safety<\/h2>\n<p>[\/vc_column_text][vc_column_text]<strong>safety is a priority<\/strong><\/p>\n<p>On the first day of each trip, your guide organizes theoretical instruction and training in the use of off-piste safety equipment. This safety equipment is made up of the famous beacon (avalanche victim search device), shovel, probe.<\/p>\n<p>Each participant must be permanently equipped with the safety equipment throughout the trip.<\/p>\n<p>We provide the safety triptych, beacon, shovel, probe free of charge to all participants who do not have personal equipment.<\/p>\n<p>Afin de faciliter la transmission des consignes de s\u00e9curit\u00e9 au sein des groupes, nous fournissons des talkie-walkie aux participants (uniquement sur certaines destinations).[\/vc_column_text][vc_column_text]During all our trips, we practice skiing in an undeveloped natural environment.<\/p>\n<p>We recommend that you wear a helmet suitable for skiing as well as any other type of protection that seems necessary.<\/p>\n<p>Wearing a goggle is highly recommended because it effectively protects against branches when skiing in trees.[\/vc_column_text][\/vc_column][vc_column width=&#8221;1\/2&#8243;][vc_column_text el_class=&#8221;text-center subline subline-thin&#8221;]<\/p>\n<h2>Information in good faith<\/h2>\n<p>[\/vc_column_text][vc_column_text]<strong>Acceptance of risk<\/strong><\/p>\n<p>By registering, all participants agree to incur the risks inherent in skiing in the mountains. A guide or instructor cannot be considered as an all-risk insurance.<\/p>\n<p>In all sports practiced in the mountains, man is confronted with an environment that he may know very deeply, but never totally master.<\/p>\n<p>The role of the guide or instructor is to avoid risks as much as possible, any participant who does not respect the instructions, will be entirely responsible for an accident that he would suffer or that he would cause in this case and will not be able to turn against the guide or instructor nor the organizer.[\/vc_column_text][vc_column_text]<\/p>\n<div>\n<p><strong>Transportation<\/strong><\/p>\n<p>When the transport is made with a rented vehicle in the country where the trip takes place, it is the guide who drives. We always rent our vehicles from international brands duly accredited by the local authorities and offering recent vehicles in good condition.<\/p>\n<p>When transport is by taxi, a professional driver will be in charge of driving.<\/p><\/div>\n<p>[\/vc_column_text][\/vc_column][\/vc_row]<br \/>\n          [vc_row el_class=&#8221;hide&#8221;][vc_column][vc_column_text el_class=&#8221;lead-text&#8221;]All 9V guides give top priority to safety. During your trip you will be trained to minimize the risks.[\/vc_column_text][\/vc_column][\/vc_row]<br \/>\n          [vc_row content_placement=&#8221;middle&#8221; css=&#8221;.vc_custom_1617880122931{margin-top: 60px !important;margin-bottom: 60px !important;background-position: center !important;background-repeat: no-repeat !important;background-size: cover !important;}&#8221; el_class=&#8221;hide&#8221;][vc_column width=&#8221;1\/3&#8243; css=&#8221;.vc_custom_1574932427957{padding-top: 200px !important;padding-bottom: 200px !important;background: rgba(0,0,0,0.6) url(https:\/\/9vallees.com\/wp-content\/uploads\/2019\/11\/avalanche-dva.jpg?id=611) !important;background-position: center !important;background-repeat: no-repeat !important;background-size: cover !important;*background-color: rgb(0,0,0) !important;}&#8221;][vc_icon type=&#8221;material&#8221; icon_material=&#8221;vc-material vc-material-wifi_tethering&#8221; color=&#8221;white&#8221; size=&#8221;lg&#8221; align=&#8221;center&#8221;][vc_custom_heading text=&#8221;avalanche beacon&#8221; font_container=&#8221;tag:h3|text_align:center|color:%23ffffff|line_height:1&#8243; use_theme_fonts=&#8221;yes&#8221;][\/vc_column][vc_column width=&#8221;1\/3&#8243; css=&#8221;.vc_custom_1574932380241{padding-top: 200px !important;padding-bottom: 200px !important;background-image: url(https:\/\/9vallees.com\/wp-content\/uploads\/2019\/11\/avalanche-warning.jpg?id=607) !important;background-position: center !important;background-repeat: no-repeat !important;background-size: cover !important;}&#8221;][vc_icon type=&#8221;material&#8221; icon_material=&#8221;vc-material vc-material-healing&#8221; color=&#8221;white&#8221; size=&#8221;lg&#8221; align=&#8221;center&#8221;][vc_custom_heading text=&#8221;safety equipment&#8221; font_container=&#8221;tag:h3|text_align:center|color:%23ffffff|line_height:1&#8243; use_theme_fonts=&#8221;yes&#8221;][\/vc_column][vc_column width=&#8221;1\/3&#8243; css=&#8221;.vc_custom_1574932391933{padding-top: 200px !important;padding-bottom: 200px !important;background-image: url(https:\/\/9vallees.com\/wp-content\/uploads\/2019\/11\/avalanche-airbag.jpg?id=606) !important;background-position: center !important;background-repeat: no-repeat !important;background-size: cover !important;}&#8221;][vc_icon type=&#8221;material&#8221; icon_material=&#8221;vc-material vc-material-pool&#8221; color=&#8221;white&#8221; size=&#8221;lg&#8221; align=&#8221;center&#8221;][vc_custom_heading text=&#8221;avalanche airbag rucksack&#8221; font_container=&#8221;tag:h3|text_align:center|color:%23ffffff|line_height:1&#8243; use_theme_fonts=&#8221;yes&#8221;][\/vc_column][\/vc_row]<br \/>\n          [vc_row el_class=&#8221;hide&#8221;][vc_column][vc_column_text el_class=&#8221;text-center subline subline-thin&#8221;]<\/p>\n<h2>Blog &#8211; insurance and safety<\/h2>\n<p>[\/vc_column_text][vc_basic_grid post_type=&#8221;post&#8221; max_items=&#8221;12&#8243; style=&#8221;lazy&#8221; items_per_page=&#8221;6&#8243; element_width=&#8221;12&#8243; item=&#8221;634&#8243; grid_id=&#8221;vc_gid:1621514221086-3dce6173-92fe-10&#8243; taxonomies=&#8221;29&#8243; el_class=&#8221;hide&#8221;][\/vc_column][\/vc_row]<br \/>\n          [vc_row el_class=&#8221;hide&#8221;][vc_column width=&#8221;1\/2&#8243; el_class=&#8221;hide&#8221;][\/vc_column][\/vc_row]\n          <\/p>\n","protected":false},"excerpt":{"rendered":"<p>[vc_row full_width=&#8221;stretch_row&#8221; content_placement=&#8221;middle&#8221; css=&#8221;.vc_custom_1621513755133{background-position: center !important;background-repeat: no-repeat !important;background-size: cover !important;}&#8221; el_class=&#8221;sep-vallees&#8221;][vc_column offset=&#8221;vc_hidden-lg vc_hidden-md vc_hidden-sm&#8221; css=&#8221;.vc_custom_1621514205369{padding-top: 200px !important;padding-bottom: 200px !important;background-image: url(https:\/\/9vallees.com\/wp-content\/uploads\/2019\/11\/avalanche-warning.jpg?id=607)<\/p>\n","protected":false},"author":1,"featured_media":0,"parent":0,"menu_order":0,"comment_status":"closed","ping_status":"closed","template":"page-templates\/fullwidthpage.php","meta":{"footnotes":""},"class_list":["post-5103","page","type-page","status-publish","hentry"],"yoast_head":"<!-- This site is optimized with the Yoast SEO Premium plugin v22.9 (Yoast SEO v25.4) - https:\/\/yoast.com\/wordpress\/plugins\/seo\/ -->\n<title>Safety ski trips - 9 Vall\u00e9es<\/title>\n<meta name=\"description\" content=\"Formation, pr\u00e9vention et mat\u00e9riel performant : garantir la s\u00e9curit\u00e9 de nos voyages \u00e0 ski est primordiale chez 9 Vall\u00e9es\" \/>\n<meta name=\"robots\" content=\"index, follow, max-snippet:-1, max-image-preview:large, max-video-preview:-1\" \/>\n<link rel=\"canonical\" href=\"https:\/\/9vallees.com\/en\/safety\/\" \/>\n<meta property=\"og:locale\" content=\"en_US\" \/>\n<meta property=\"og:type\" content=\"article\" \/>\n<meta property=\"og:title\" content=\"Safety\" \/>\n<meta property=\"og:description\" content=\"Formation, pr\u00e9vention et mat\u00e9riel performant : garantir la s\u00e9curit\u00e9 de nos voyages \u00e0 ski est primordiale chez 9 Vall\u00e9es\" \/>\n<meta property=\"og:url\" content=\"https:\/\/9vallees.com\/en\/safety\/\" \/>\n<meta property=\"og:site_name\" content=\"9 Vall\u00e9es\" \/>\n<meta property=\"article:publisher\" content=\"https:\/\/www.facebook.com\/Ski-Safari-9-vallees-Worldwide-ski-adventures-since-1980-107412862637065\/\" \/>\n<meta property=\"article:modified_time\" content=\"2021-06-02T16:46:04+00:00\" \/>\n<meta property=\"og:image\" content=\"https:\/\/9vallees.com\/wp-content\/uploads\/2020\/02\/chili_heliski.jpg\" \/>\n\t<meta property=\"og:image:width\" content=\"1280\" \/>\n\t<meta property=\"og:image:height\" content=\"850\" \/>\n\t<meta property=\"og:image:type\" content=\"image\/jpeg\" \/>\n<meta name=\"twitter:card\" content=\"summary_large_image\" \/>\n<meta name=\"twitter:label1\" content=\"Est. reading time\" \/>\n\t<meta name=\"twitter:data1\" content=\"4 minutes\" \/>\n<script type=\"application\/ld+json\" class=\"yoast-schema-graph\">{\"@context\":\"https:\/\/schema.org\",\"@graph\":[{\"@type\":\"WebPage\",\"@id\":\"https:\/\/9vallees.com\/en\/safety\/\",\"url\":\"https:\/\/9vallees.com\/en\/safety\/\",\"name\":\"Safety ski trips - 9 Vall\u00e9es\",\"isPartOf\":{\"@id\":\"https:\/\/9vallees.com\/en\/#website\"},\"datePublished\":\"2020-09-27T20:57:08+00:00\",\"dateModified\":\"2021-06-02T16:46:04+00:00\",\"description\":\"Formation, pr\u00e9vention et mat\u00e9riel performant : garantir la s\u00e9curit\u00e9 de nos voyages \u00e0 ski est primordiale chez 9 Vall\u00e9es\",\"breadcrumb\":{\"@id\":\"https:\/\/9vallees.com\/en\/safety\/#breadcrumb\"},\"inLanguage\":\"en-US\",\"potentialAction\":[{\"@type\":\"ReadAction\",\"target\":[\"https:\/\/9vallees.com\/en\/safety\/\"]}]},{\"@type\":\"BreadcrumbList\",\"@id\":\"https:\/\/9vallees.com\/en\/safety\/#breadcrumb\",\"itemListElement\":[{\"@type\":\"ListItem\",\"position\":1,\"name\":\"Home\",\"item\":\"https:\/\/9vallees.com\/en\/\"},{\"@type\":\"ListItem\",\"position\":2,\"name\":\"Safety\"}]},{\"@type\":\"WebSite\",\"@id\":\"https:\/\/9vallees.com\/en\/#website\",\"url\":\"https:\/\/9vallees.com\/en\/\",\"name\":\"9 Vall\u00e9es\",\"description\":\"S\u00e9jours tout compris ski hors-piste - H\u00e9liski - Ski de rando encadr\u00e9 par des guides\",\"publisher\":{\"@id\":\"https:\/\/9vallees.com\/en\/#organization\"},\"alternateName\":\"S\u00e9jours Ski de Randonn\u00e9e, Freeride & H\u00e9liski dans 28 Destinations\",\"potentialAction\":[{\"@type\":\"SearchAction\",\"target\":{\"@type\":\"EntryPoint\",\"urlTemplate\":\"https:\/\/9vallees.com\/en\/?s={search_term_string}\"},\"query-input\":{\"@type\":\"PropertyValueSpecification\",\"valueRequired\":true,\"valueName\":\"search_term_string\"}}],\"inLanguage\":\"en-US\"},{\"@type\":\"Organization\",\"@id\":\"https:\/\/9vallees.com\/en\/#organization\",\"name\":\"9 Vall\u00e9es\",\"alternateName\":\"S\u00e9jour \u00e0 ski, safari, ski de randonn\u00e9e autour du monde\",\"url\":\"https:\/\/9vallees.com\/en\/\",\"logo\":{\"@type\":\"ImageObject\",\"inLanguage\":\"en-US\",\"@id\":\"https:\/\/9vallees.com\/en\/#\/schema\/logo\/image\/\",\"url\":\"https:\/\/9vallees.com\/wp-content\/uploads\/2019\/06\/logo-square-amp-9vallees.png\",\"contentUrl\":\"https:\/\/9vallees.com\/wp-content\/uploads\/2019\/06\/logo-square-amp-9vallees.png\",\"width\":190,\"height\":190,\"caption\":\"9 Vall\u00e9es\"},\"image\":{\"@id\":\"https:\/\/9vallees.com\/en\/#\/schema\/logo\/image\/\"},\"sameAs\":[\"https:\/\/www.facebook.com\/Ski-Safari-9-vallees-Worldwide-ski-adventures-since-1980-107412862637065\/\"]}]}<\/script>\n<!-- \/ Yoast SEO Premium plugin. -->","yoast_head_json":{"title":"Safety ski trips - 9 Vall\u00e9es","description":"Formation, pr\u00e9vention et mat\u00e9riel performant : garantir la s\u00e9curit\u00e9 de nos voyages \u00e0 ski est primordiale chez 9 Vall\u00e9es","robots":{"index":"index","follow":"follow","max-snippet":"max-snippet:-1","max-image-preview":"max-image-preview:large","max-video-preview":"max-video-preview:-1"},"canonical":"https:\/\/9vallees.com\/en\/safety\/","og_locale":"en_US","og_type":"article","og_title":"Safety","og_description":"Formation, pr\u00e9vention et mat\u00e9riel performant : garantir la s\u00e9curit\u00e9 de nos voyages \u00e0 ski est primordiale chez 9 Vall\u00e9es","og_url":"https:\/\/9vallees.com\/en\/safety\/","og_site_name":"9 Vall\u00e9es","article_publisher":"https:\/\/www.facebook.com\/Ski-Safari-9-vallees-Worldwide-ski-adventures-since-1980-107412862637065\/","article_modified_time":"2021-06-02T16:46:04+00:00","og_image":[{"width":1280,"height":850,"url":"https:\/\/9vallees.com\/wp-content\/uploads\/2020\/02\/chili_heliski.jpg","type":"image\/jpeg"}],"twitter_card":"summary_large_image","twitter_misc":{"Est. reading time":"4 minutes"},"schema":{"@context":"https:\/\/schema.org","@graph":[{"@type":"WebPage","@id":"https:\/\/9vallees.com\/en\/safety\/","url":"https:\/\/9vallees.com\/en\/safety\/","name":"Safety ski trips - 9 Vall\u00e9es","isPartOf":{"@id":"https:\/\/9vallees.com\/en\/#website"},"datePublished":"2020-09-27T20:57:08+00:00","dateModified":"2021-06-02T16:46:04+00:00","description":"Formation, pr\u00e9vention et mat\u00e9riel performant : garantir la s\u00e9curit\u00e9 de nos voyages \u00e0 ski est primordiale chez 9 Vall\u00e9es","breadcrumb":{"@id":"https:\/\/9vallees.com\/en\/safety\/#breadcrumb"},"inLanguage":"en-US","potentialAction":[{"@type":"ReadAction","target":["https:\/\/9vallees.com\/en\/safety\/"]}]},{"@type":"BreadcrumbList","@id":"https:\/\/9vallees.com\/en\/safety\/#breadcrumb","itemListElement":[{"@type":"ListItem","position":1,"name":"Home","item":"https:\/\/9vallees.com\/en\/"},{"@type":"ListItem","position":2,"name":"Safety"}]},{"@type":"WebSite","@id":"https:\/\/9vallees.com\/en\/#website","url":"https:\/\/9vallees.com\/en\/","name":"9 Vall\u00e9es","description":"S\u00e9jours tout compris ski hors-piste - H\u00e9liski - Ski de rando encadr\u00e9 par des guides","publisher":{"@id":"https:\/\/9vallees.com\/en\/#organization"},"alternateName":"S\u00e9jours Ski de Randonn\u00e9e, Freeride & H\u00e9liski dans 28 Destinations","potentialAction":[{"@type":"SearchAction","target":{"@type":"EntryPoint","urlTemplate":"https:\/\/9vallees.com\/en\/?s={search_term_string}"},"query-input":{"@type":"PropertyValueSpecification","valueRequired":true,"valueName":"search_term_string"}}],"inLanguage":"en-US"},{"@type":"Organization","@id":"https:\/\/9vallees.com\/en\/#organization","name":"9 Vall\u00e9es","alternateName":"S\u00e9jour \u00e0 ski, safari, ski de randonn\u00e9e autour du monde","url":"https:\/\/9vallees.com\/en\/","logo":{"@type":"ImageObject","inLanguage":"en-US","@id":"https:\/\/9vallees.com\/en\/#\/schema\/logo\/image\/","url":"https:\/\/9vallees.com\/wp-content\/uploads\/2019\/06\/logo-square-amp-9vallees.png","contentUrl":"https:\/\/9vallees.com\/wp-content\/uploads\/2019\/06\/logo-square-amp-9vallees.png","width":190,"height":190,"caption":"9 Vall\u00e9es"},"image":{"@id":"https:\/\/9vallees.com\/en\/#\/schema\/logo\/image\/"},"sameAs":["https:\/\/www.facebook.com\/Ski-Safari-9-vallees-Worldwide-ski-adventures-since-1980-107412862637065\/"]}]}},"_links":{"self":[{"href":"https:\/\/9vallees.com\/en\/wp-json\/wp\/v2\/pages\/5103","targetHints":{"allow":["GET"]}}],"collection":[{"href":"https:\/\/9vallees.com\/en\/wp-json\/wp\/v2\/pages"}],"about":[{"href":"https:\/\/9vallees.com\/en\/wp-json\/wp\/v2\/types\/page"}],"author":[{"embeddable":true,"href":"https:\/\/9vallees.com\/en\/wp-json\/wp\/v2\/users\/1"}],"replies":[{"embeddable":true,"href":"https:\/\/9vallees.com\/en\/wp-json\/wp\/v2\/comments?post=5103"}],"version-history":[{"count":19,"href":"https:\/\/9vallees.com\/en\/wp-json\/wp\/v2\/pages\/5103\/revisions"}],"predecessor-version":[{"id":7918,"href":"https:\/\/9vallees.com\/en\/wp-json\/wp\/v2\/pages\/5103\/revisions\/7918"}],"wp:attachment":[{"href":"https:\/\/9vallees.com\/en\/wp-json\/wp\/v2\/media?parent=5103"}],"curies":[{"name":"wp","href":"https:\/\/api.w.org\/{rel}","templated":true}]}}