{"id":5226,"date":"2020-10-02T14:43:30","date_gmt":"2020-10-02T12:43:30","guid":{"rendered":"https:\/\/9vallees.com\/legal-notices-and-credits\/"},"modified":"2021-06-28T18:18:54","modified_gmt":"2021-06-28T16:18:54","slug":"legal-notices-and-credits","status":"publish","type":"page","link":"https:\/\/9vallees.com\/en\/legal-notices-and-credits\/","title":{"rendered":"Legal notices and credits"},"content":{"rendered":"<p>[vc_row css=&#8221;.vc_custom_1595943954053{margin-top: 120px !important;}&#8221;][vc_column][vc_custom_heading text=&#8221;Legal notices and credits&#8221; font_container=&#8221;tag:h1|font_size:48px|text_align:center|color:%23251d59|line_height:56px&#8221; use_theme_fonts=&#8221;yes&#8221;][vc_empty_space height=&#8221;60px&#8221;][vc_column_text]<\/p>\n<div class=\"wpb_text_column wpb_content_element \">\n<div class=\"wpb_wrapper\">\n<ul>\n<li><strong>Business name or company name:<\/strong> SAFARI 9V<\/li>\n<li><strong>Registered office: <\/strong> 63 IMM BOIS DE LA LAYE, 73320 TIGNES<\/li>\n<li><strong>Phone number :<\/strong> <a href=\"tel:+33479243094\">+33(0)4 7924 30 94<\/a><\/li>\n<li><strong>Publication director:<\/strong> BAUDE Fr\u00e9d\u00e9ric<\/li>\n<li><strong>Capital social :<\/strong> non-profit-making association &#8211; law 1901<\/li>\n<li>Date of registration in the Register of Commerce and Site Hosting: OVH, Head Office: 2 rue Kellermann &#8211; 59100 Roubaix &#8211; France.<\/li>\n<li><strong>Website hosting:<\/strong>OVH, Headquarters: 2 rue Kellermann &#8211; 59100 Roubaix &#8211; France.<\/li>\n<\/ul>\n<\/div>\n<\/div>\n<div class=\"wpb_text_column wpb_content_element \">\n<div class=\"wpb_wrapper\">\n<p>Design and production of this website \u00a9 9vallees.com<\/p>\n<\/div>\n<\/div>\n<p>[\/vc_column_text][\/vc_column][\/vc_row]<\/p>\n","protected":false},"excerpt":{"rendered":"<p>[vc_row css=&#8221;.vc_custom_1595943954053{margin-top: 120px !important;}&#8221;][vc_column][vc_custom_heading text=&#8221;Legal notices and credits&#8221; font_container=&#8221;tag:h1|font_size:48px|text_align:center|color:%23251d59|line_height:56px&#8221; use_theme_fonts=&#8221;yes&#8221;][vc_empty_space height=&#8221;60px&#8221;][vc_column_text] Business name or company name: SAFARI 9V Registered office:<\/p>\n","protected":false},"author":1,"featured_media":0,"parent":0,"menu_order":0,"comment_status":"closed","ping_status":"closed","template":"page-templates\/fullwidthpage.php","meta":{"footnotes":""},"class_list":["post-5226","page","type-page","status-publish","hentry"],"yoast_head":"<!-- This site is optimized with the Yoast SEO Premium plugin v22.9 (Yoast SEO v25.4) - https:\/\/yoast.com\/wordpress\/plugins\/seo\/ -->\n<title>Legal notices and credits - 9 Vall\u00e9es<\/title>\n<meta name=\"robots\" content=\"index, follow, max-snippet:-1, max-image-preview:large, max-video-preview:-1\" \/>\n<link rel=\"canonical\" href=\"https:\/\/9vallees.com\/en\/legal-notices-and-credits\/\" \/>\n<meta property=\"og:locale\" content=\"en_US\" \/>\n<meta property=\"og:type\" content=\"article\" \/>\n<meta property=\"og:title\" content=\"Legal notices and credits\" \/>\n<meta property=\"og:description\" content=\"[vc_row css=&#8221;.vc_custom_1595943954053{margin-top: 120px !important;}&#8221;][vc_column][vc_custom_heading text=&#8221;Legal notices and credits&#8221; font_container=&#8221;tag:h1|font_size:48px|text_align:center|color:%23251d59|line_height:56px&#8221; use_theme_fonts=&#8221;yes&#8221;][vc_empty_space height=&#8221;60px&#8221;][vc_column_text] Business name or company name: SAFARI 9V Registered office:\" \/>\n<meta property=\"og:url\" content=\"https:\/\/9vallees.com\/en\/legal-notices-and-credits\/\" \/>\n<meta property=\"og:site_name\" content=\"9 Vall\u00e9es\" \/>\n<meta property=\"article:publisher\" content=\"https:\/\/www.facebook.com\/Ski-Safari-9-vallees-Worldwide-ski-adventures-since-1980-107412862637065\/\" \/>\n<meta property=\"article:modified_time\" content=\"2021-06-28T16:18:54+00:00\" \/>\n<meta property=\"og:image\" content=\"https:\/\/9vallees.com\/wp-content\/uploads\/2020\/02\/chili_heliski.jpg\" \/>\n\t<meta property=\"og:image:width\" content=\"1280\" \/>\n\t<meta property=\"og:image:height\" content=\"850\" \/>\n\t<meta property=\"og:image:type\" content=\"image\/jpeg\" \/>\n<meta name=\"twitter:card\" content=\"summary_large_image\" \/>\n<meta name=\"twitter:label1\" content=\"Est. reading time\" \/>\n\t<meta name=\"twitter:data1\" content=\"1 minute\" \/>\n<script type=\"application\/ld+json\" class=\"yoast-schema-graph\">{\"@context\":\"https:\/\/schema.org\",\"@graph\":[{\"@type\":\"WebPage\",\"@id\":\"https:\/\/9vallees.com\/en\/legal-notices-and-credits\/\",\"url\":\"https:\/\/9vallees.com\/en\/legal-notices-and-credits\/\",\"name\":\"Legal notices and credits - 9 Vall\u00e9es\",\"isPartOf\":{\"@id\":\"https:\/\/9vallees.com\/en\/#website\"},\"datePublished\":\"2020-10-02T12:43:30+00:00\",\"dateModified\":\"2021-06-28T16:18:54+00:00\",\"breadcrumb\":{\"@id\":\"https:\/\/9vallees.com\/en\/legal-notices-and-credits\/#breadcrumb\"},\"inLanguage\":\"en-US\",\"potentialAction\":[{\"@type\":\"ReadAction\",\"target\":[\"https:\/\/9vallees.com\/en\/legal-notices-and-credits\/\"]}]},{\"@type\":\"BreadcrumbList\",\"@id\":\"https:\/\/9vallees.com\/en\/legal-notices-and-credits\/#breadcrumb\",\"itemListElement\":[{\"@type\":\"ListItem\",\"position\":1,\"name\":\"Home\",\"item\":\"https:\/\/9vallees.com\/en\/\"},{\"@type\":\"ListItem\",\"position\":2,\"name\":\"Legal notices and credits\"}]},{\"@type\":\"WebSite\",\"@id\":\"https:\/\/9vallees.com\/en\/#website\",\"url\":\"https:\/\/9vallees.com\/en\/\",\"name\":\"9 Vall\u00e9es\",\"description\":\"S\u00e9jours tout compris ski hors-piste - H\u00e9liski - Ski de rando encadr\u00e9 par des guides\",\"publisher\":{\"@id\":\"https:\/\/9vallees.com\/en\/#organization\"},\"alternateName\":\"S\u00e9jours Ski de Randonn\u00e9e, Freeride & H\u00e9liski dans 28 Destinations\",\"potentialAction\":[{\"@type\":\"SearchAction\",\"target\":{\"@type\":\"EntryPoint\",\"urlTemplate\":\"https:\/\/9vallees.com\/en\/?s={search_term_string}\"},\"query-input\":{\"@type\":\"PropertyValueSpecification\",\"valueRequired\":true,\"valueName\":\"search_term_string\"}}],\"inLanguage\":\"en-US\"},{\"@type\":\"Organization\",\"@id\":\"https:\/\/9vallees.com\/en\/#organization\",\"name\":\"9 Vall\u00e9es\",\"alternateName\":\"S\u00e9jour \u00e0 ski, safari, ski de randonn\u00e9e autour du monde\",\"url\":\"https:\/\/9vallees.com\/en\/\",\"logo\":{\"@type\":\"ImageObject\",\"inLanguage\":\"en-US\",\"@id\":\"https:\/\/9vallees.com\/en\/#\/schema\/logo\/image\/\",\"url\":\"https:\/\/9vallees.com\/wp-content\/uploads\/2019\/06\/logo-square-amp-9vallees.png\",\"contentUrl\":\"https:\/\/9vallees.com\/wp-content\/uploads\/2019\/06\/logo-square-amp-9vallees.png\",\"width\":190,\"height\":190,\"caption\":\"9 Vall\u00e9es\"},\"image\":{\"@id\":\"https:\/\/9vallees.com\/en\/#\/schema\/logo\/image\/\"},\"sameAs\":[\"https:\/\/www.facebook.com\/Ski-Safari-9-vallees-Worldwide-ski-adventures-since-1980-107412862637065\/\"]}]}<\/script>\n<!-- \/ Yoast SEO Premium plugin. -->","yoast_head_json":{"title":"Legal notices and credits - 9 Vall\u00e9es","robots":{"index":"index","follow":"follow","max-snippet":"max-snippet:-1","max-image-preview":"max-image-preview:large","max-video-preview":"max-video-preview:-1"},"canonical":"https:\/\/9vallees.com\/en\/legal-notices-and-credits\/","og_locale":"en_US","og_type":"article","og_title":"Legal notices and credits","og_description":"[vc_row css=&#8221;.vc_custom_1595943954053{margin-top: 120px !important;}&#8221;][vc_column][vc_custom_heading text=&#8221;Legal notices and credits&#8221; font_container=&#8221;tag:h1|font_size:48px|text_align:center|color:%23251d59|line_height:56px&#8221; use_theme_fonts=&#8221;yes&#8221;][vc_empty_space height=&#8221;60px&#8221;][vc_column_text] Business name or company name: SAFARI 9V Registered office:","og_url":"https:\/\/9vallees.com\/en\/legal-notices-and-credits\/","og_site_name":"9 Vall\u00e9es","article_publisher":"https:\/\/www.facebook.com\/Ski-Safari-9-vallees-Worldwide-ski-adventures-since-1980-107412862637065\/","article_modified_time":"2021-06-28T16:18:54+00:00","og_image":[{"width":1280,"height":850,"url":"https:\/\/9vallees.com\/wp-content\/uploads\/2020\/02\/chili_heliski.jpg","type":"image\/jpeg"}],"twitter_card":"summary_large_image","twitter_misc":{"Est. reading time":"1 minute"},"schema":{"@context":"https:\/\/schema.org","@graph":[{"@type":"WebPage","@id":"https:\/\/9vallees.com\/en\/legal-notices-and-credits\/","url":"https:\/\/9vallees.com\/en\/legal-notices-and-credits\/","name":"Legal notices and credits - 9 Vall\u00e9es","isPartOf":{"@id":"https:\/\/9vallees.com\/en\/#website"},"datePublished":"2020-10-02T12:43:30+00:00","dateModified":"2021-06-28T16:18:54+00:00","breadcrumb":{"@id":"https:\/\/9vallees.com\/en\/legal-notices-and-credits\/#breadcrumb"},"inLanguage":"en-US","potentialAction":[{"@type":"ReadAction","target":["https:\/\/9vallees.com\/en\/legal-notices-and-credits\/"]}]},{"@type":"BreadcrumbList","@id":"https:\/\/9vallees.com\/en\/legal-notices-and-credits\/#breadcrumb","itemListElement":[{"@type":"ListItem","position":1,"name":"Home","item":"https:\/\/9vallees.com\/en\/"},{"@type":"ListItem","position":2,"name":"Legal notices and credits"}]},{"@type":"WebSite","@id":"https:\/\/9vallees.com\/en\/#website","url":"https:\/\/9vallees.com\/en\/","name":"9 Vall\u00e9es","description":"S\u00e9jours tout compris ski hors-piste - H\u00e9liski - Ski de rando encadr\u00e9 par des guides","publisher":{"@id":"https:\/\/9vallees.com\/en\/#organization"},"alternateName":"S\u00e9jours Ski de Randonn\u00e9e, Freeride & H\u00e9liski dans 28 Destinations","potentialAction":[{"@type":"SearchAction","target":{"@type":"EntryPoint","urlTemplate":"https:\/\/9vallees.com\/en\/?s={search_term_string}"},"query-input":{"@type":"PropertyValueSpecification","valueRequired":true,"valueName":"search_term_string"}}],"inLanguage":"en-US"},{"@type":"Organization","@id":"https:\/\/9vallees.com\/en\/#organization","name":"9 Vall\u00e9es","alternateName":"S\u00e9jour \u00e0 ski, safari, ski de randonn\u00e9e autour du monde","url":"https:\/\/9vallees.com\/en\/","logo":{"@type":"ImageObject","inLanguage":"en-US","@id":"https:\/\/9vallees.com\/en\/#\/schema\/logo\/image\/","url":"https:\/\/9vallees.com\/wp-content\/uploads\/2019\/06\/logo-square-amp-9vallees.png","contentUrl":"https:\/\/9vallees.com\/wp-content\/uploads\/2019\/06\/logo-square-amp-9vallees.png","width":190,"height":190,"caption":"9 Vall\u00e9es"},"image":{"@id":"https:\/\/9vallees.com\/en\/#\/schema\/logo\/image\/"},"sameAs":["https:\/\/www.facebook.com\/Ski-Safari-9-vallees-Worldwide-ski-adventures-since-1980-107412862637065\/"]}]}},"_links":{"self":[{"href":"https:\/\/9vallees.com\/en\/wp-json\/wp\/v2\/pages\/5226","targetHints":{"allow":["GET"]}}],"collection":[{"href":"https:\/\/9vallees.com\/en\/wp-json\/wp\/v2\/pages"}],"about":[{"href":"https:\/\/9vallees.com\/en\/wp-json\/wp\/v2\/types\/page"}],"author":[{"embeddable":true,"href":"https:\/\/9vallees.com\/en\/wp-json\/wp\/v2\/users\/1"}],"replies":[{"embeddable":true,"href":"https:\/\/9vallees.com\/en\/wp-json\/wp\/v2\/comments?post=5226"}],"version-history":[{"count":18,"href":"https:\/\/9vallees.com\/en\/wp-json\/wp\/v2\/pages\/5226\/revisions"}],"predecessor-version":[{"id":8104,"href":"https:\/\/9vallees.com\/en\/wp-json\/wp\/v2\/pages\/5226\/revisions\/8104"}],"wp:attachment":[{"href":"https:\/\/9vallees.com\/en\/wp-json\/wp\/v2\/media?parent=5226"}],"curies":[{"name":"wp","href":"https:\/\/api.w.org\/{rel}","templated":true}]}}