{"id":7608,"date":"2021-04-26T03:16:36","date_gmt":"2021-04-26T01:16:36","guid":{"rendered":"https:\/\/9vallees.com\/?page_id=7608"},"modified":"2021-04-26T03:17:33","modified_gmt":"2021-04-26T01:17:33","slug":"insurance","status":"publish","type":"page","link":"https:\/\/9vallees.com\/en\/insurance\/","title":{"rendered":"Insurance"},"content":{"rendered":"<p>[vc_row][vc_column][vc_empty_space height=&#8221;70px&#8221;][\/vc_column][\/vc_row][vc_row css=&#8221;.vc_custom_1619399831839{margin-top: 70px !important;}&#8221;][vc_column][vc_column_text]<\/p>\n<p style=\"text-align: center;\">REGISTRATION AND GENERAL CONDITIONS OF SALE<\/p>\n<p><strong>1-REGISTRATION<\/strong>: Send your registration form completed, signed and accompanied by a deposit of \u20ac 750 per person. It is preferable to contact us beforehand to know the availability in a group of your level. No registration is recorded without payment of the deposit.<br \/>\nAny registration sent within 31 days of departure must be accompanied by full payment.<\/p>\n<p><strong>1.2-PAYMENT OF THE DEPOSIT:<\/strong>\u00a0By check payable to \u201cAssociation Safari 9V\u201d or with one of the following bank cards: Visa, MasterCard.<\/p>\n<p><strong>1.3-BALANCE PAYMENT:<\/strong>\u00a0The balance is due 31 days before departure.<br \/>\n-By credit card: No later than 31 days before departure, Safari 9V will charge your card the amount of the balance which appears on the payment details, except in the event of a dispute or in the event of withdrawal on your part, formulated in writing to Safari 9V before this deadline.<br \/>\n-By check: Your balance must reach the Safari 9V office no later than 31 days before the stay.<\/p>\n<p><strong>2-CANCELLATION AND MODIFICATION BY THE PARTICIPANT:<\/strong>\u00a0Any modification or cancellation requested 90 days before the trip results in a fixed deduction of \u20ac 80 per person for administrative costs incurred.<\/p>\n<p><strong>2.1-FEES WITHHELD IN CASE OF CANCELLATION :<\/strong><br \/>\n-90 to 60 days before departure: 30% of the total price;<br \/>\n-From 60 to 32 days before departure: 60% of the total price;<br \/>\n-At 31 days or less or in the event of no-show: 100%.<br \/>\n-If the intermediate deductions do not cover certain organizational costs incurred and that a service provider would not reimburse, such as transport tickets, accommodation, miscellaneous share: the deduction would be increased by these costs. All cancellations must be made in writing, the date chosen being the date of receipt of your e-mail or post.<\/p>\n<p><strong>2.2-CANCELLATIONS WITHOUT CHARGE:<\/strong><br \/>\n-Replacement: Send another person in your place on the same date. After notifying us, send a registration form filled in and signed by the replacement.<br \/>\n-Credit note: Benefit from a total credit of the amount paid, to be used for a trip the following year. In this case, no refund will be made. Following your agreement, you will receive a credit voucher that you can use yourself or offer to a person of your choice.<\/p>\n<p><strong>3-CANCELLATION BY SAFARI 9V<br \/>\n<\/strong>-Lack of participants: Safari 9V reserves the right to cancel a group, if there is not a minimum of 4 registrations 31 days before departure. In this case, if you do not agree to do an alternative trip during the same period or on another date, the trip will be fully refunded.<br \/>\n-Lack of snow: Safari 9V will try to offer another trip on the same dates (alternative program or change of region). If the participant does not accept, he can postpone the date or request reimbursement of the trip.<\/p>\n<p><strong>4-INTERRUPTED TRIP:<\/strong>\u00a0Any week started and interrupted by a participant, for whatever reason, will not give rise to any reimbursement from the organizer. Only an individual insurance can guarantee you the partial reimbursement of your trip. Some premium bank cards, Mastercard Gold, Visa Premier etc, offer this guarantee. Check with your bank.<\/p>\n<p><strong>5-SERVICES<\/strong><br \/>\n-Our accommodations were chosen for their strategic location and for their good mountain atmosphere. Luxury is not guaranteed. The organizers reserve the right to modify the program at any time in order to improve its quality or to better adapt it to the conditions.<br \/>\n-Our supervision is planned for an average of 6\/7 skiers per guide, but on the spot, according to the real level of the participants, the guides can be brought to change groups distribution.<\/p>\n<p><strong>6-INSURANCES.<br \/>\n<\/strong>Mountain rescue insurance is mandatory. Check your rescue, repatriation and luggage contracts. MasterCard Gold or Visa Premier will partially cover you. We advise you to take out insurance that covers all activities or sports practiced, first aid, transportation to the nearest hospital and repatriation and reimbursement of the unused portion of the trip. We can insure you with Europe Assistance for our trips.<\/p>\n<p>-Cancellation insurance is optional. The payment of a trip by a premium credit card such as Visa Premier, Mastercard Gold etc., can cover you. Otherwise you can take out a contract on your own. If you reside in France, we can have you insured.<\/p>\n<p><strong>7-RESPONSIBILITY.<br \/>\n<\/strong>By registering, all participants agree to accept the risks inherent in the practice of mountain sports. A guide, indeed, cannot be considered as an all-risk insurance. In all sports practiced in the mountains, man is confronted with an environment that he may know very deeply, but never totally master. The role of the guide or instructor is to avoid risks as much as possible, any participant who does not respect his instructions, will be entirely responsible for any accident he suffers or causes in this case and will not be able to turn against the supervision or the organizer.<br \/>\nAs a general rule, the organizers and guides of Safari 9V are not responsible for any damage that may occur to participants during the stay, such as bodily injury, loss of objects, etc., except in case of malpractice. For all litigations, whatever the nationality of the participant and the place of the accident, the court of the registered office of the association \u201cSafari 9V\u201d will be only competent.<\/p>\n<p><strong>ASSOCIATION SAFARI 9 V<br \/>\n<\/strong>Association de tourisme agr\u00e9\u00e9e APRIAM \u2013 IM073.100023 \u2013 Alpespace \u2013 Le Neptune \u2013 50 Voie Albert Einstein \u2013 73800 Francin<br \/>\nProfessional Civil Liability MMA IARD \u2013 10 bd Marie et Alexandre Oyon \u2013 72000 Le Mans \u2013 Contrat n\u00b03.056.234.<br \/>\nFinancial Guarantee : Covea Caution SA \u2013 10 bd Marie et Alexandre Oyon 72000 Le Mans Contrat 18386<br \/>\n-Siret 50422643200012 \u2013 TVA intra FR04504226432<br \/>\n-Siren : 50422643200012 APE 7911Z<br \/>\n-TVA Intra : FR04504226432<br \/>\n-Adress : 63 immeuble du bois de la laye-73320 Tignes<br \/>\n-Phone : +33(0)4.79.24.30.94<br \/>\n-E-mail : organisation@9vallees.com[\/vc_column_text][\/vc_column][\/vc_row]<\/p>\n","protected":false},"excerpt":{"rendered":"<p>[vc_row][vc_column][vc_empty_space height=&#8221;70px&#8221;][\/vc_column][\/vc_row][vc_row css=&#8221;.vc_custom_1619399831839{margin-top: 70px !important;}&#8221;][vc_column][vc_column_text] REGISTRATION AND GENERAL CONDITIONS OF SALE 1-REGISTRATION: Send your registration form completed, signed and accompanied<\/p>\n","protected":false},"author":2,"featured_media":0,"parent":0,"menu_order":0,"comment_status":"closed","ping_status":"closed","template":"","meta":{"footnotes":""},"class_list":["post-7608","page","type-page","status-publish","hentry"],"yoast_head":"<!-- This site is optimized with the Yoast SEO Premium plugin v22.9 (Yoast SEO v25.4) - https:\/\/yoast.com\/wordpress\/plugins\/seo\/ -->\n<title>Insurance - 9 Vall\u00e9es<\/title>\n<meta name=\"robots\" content=\"index, follow, max-snippet:-1, max-image-preview:large, max-video-preview:-1\" \/>\n<link rel=\"canonical\" href=\"https:\/\/9vallees.com\/en\/insurance\/\" \/>\n<meta property=\"og:locale\" content=\"en_US\" \/>\n<meta property=\"og:type\" content=\"article\" \/>\n<meta property=\"og:title\" content=\"Insurance\" \/>\n<meta property=\"og:description\" content=\"[vc_row][vc_column][vc_empty_space height=&#8221;70px&#8221;][\/vc_column][\/vc_row][vc_row css=&#8221;.vc_custom_1619399831839{margin-top: 70px !important;}&#8221;][vc_column][vc_column_text] REGISTRATION AND GENERAL CONDITIONS OF SALE 1-REGISTRATION: Send your registration form completed, signed and accompanied\" \/>\n<meta property=\"og:url\" content=\"https:\/\/9vallees.com\/en\/insurance\/\" \/>\n<meta property=\"og:site_name\" content=\"9 Vall\u00e9es\" \/>\n<meta property=\"article:publisher\" content=\"https:\/\/www.facebook.com\/Ski-Safari-9-vallees-Worldwide-ski-adventures-since-1980-107412862637065\/\" \/>\n<meta property=\"article:modified_time\" content=\"2021-04-26T01:17:33+00:00\" \/>\n<meta property=\"og:image\" content=\"https:\/\/9vallees.com\/wp-content\/uploads\/2020\/02\/chili_heliski.jpg\" \/>\n\t<meta property=\"og:image:width\" content=\"1280\" \/>\n\t<meta property=\"og:image:height\" content=\"850\" \/>\n\t<meta property=\"og:image:type\" content=\"image\/jpeg\" \/>\n<meta name=\"twitter:card\" content=\"summary_large_image\" \/>\n<meta name=\"twitter:label1\" content=\"Est. reading time\" \/>\n\t<meta name=\"twitter:data1\" content=\"5 minutes\" \/>\n<script type=\"application\/ld+json\" class=\"yoast-schema-graph\">{\"@context\":\"https:\/\/schema.org\",\"@graph\":[{\"@type\":\"WebPage\",\"@id\":\"https:\/\/9vallees.com\/en\/insurance\/\",\"url\":\"https:\/\/9vallees.com\/en\/insurance\/\",\"name\":\"Insurance - 9 Vall\u00e9es\",\"isPartOf\":{\"@id\":\"https:\/\/9vallees.com\/en\/#website\"},\"datePublished\":\"2021-04-26T01:16:36+00:00\",\"dateModified\":\"2021-04-26T01:17:33+00:00\",\"breadcrumb\":{\"@id\":\"https:\/\/9vallees.com\/en\/insurance\/#breadcrumb\"},\"inLanguage\":\"en-US\",\"potentialAction\":[{\"@type\":\"ReadAction\",\"target\":[\"https:\/\/9vallees.com\/en\/insurance\/\"]}]},{\"@type\":\"BreadcrumbList\",\"@id\":\"https:\/\/9vallees.com\/en\/insurance\/#breadcrumb\",\"itemListElement\":[{\"@type\":\"ListItem\",\"position\":1,\"name\":\"Home\",\"item\":\"https:\/\/9vallees.com\/en\/\"},{\"@type\":\"ListItem\",\"position\":2,\"name\":\"Insurance\"}]},{\"@type\":\"WebSite\",\"@id\":\"https:\/\/9vallees.com\/en\/#website\",\"url\":\"https:\/\/9vallees.com\/en\/\",\"name\":\"9 Vall\u00e9es\",\"description\":\"S\u00e9jours tout compris ski hors-piste - H\u00e9liski - Ski de rando encadr\u00e9 par des guides\",\"publisher\":{\"@id\":\"https:\/\/9vallees.com\/en\/#organization\"},\"alternateName\":\"S\u00e9jours Ski de Randonn\u00e9e, Freeride & H\u00e9liski dans 28 Destinations\",\"potentialAction\":[{\"@type\":\"SearchAction\",\"target\":{\"@type\":\"EntryPoint\",\"urlTemplate\":\"https:\/\/9vallees.com\/en\/?s={search_term_string}\"},\"query-input\":{\"@type\":\"PropertyValueSpecification\",\"valueRequired\":true,\"valueName\":\"search_term_string\"}}],\"inLanguage\":\"en-US\"},{\"@type\":\"Organization\",\"@id\":\"https:\/\/9vallees.com\/en\/#organization\",\"name\":\"9 Vall\u00e9es\",\"alternateName\":\"S\u00e9jour \u00e0 ski, safari, ski de randonn\u00e9e autour du monde\",\"url\":\"https:\/\/9vallees.com\/en\/\",\"logo\":{\"@type\":\"ImageObject\",\"inLanguage\":\"en-US\",\"@id\":\"https:\/\/9vallees.com\/en\/#\/schema\/logo\/image\/\",\"url\":\"https:\/\/9vallees.com\/wp-content\/uploads\/2019\/06\/logo-square-amp-9vallees.png\",\"contentUrl\":\"https:\/\/9vallees.com\/wp-content\/uploads\/2019\/06\/logo-square-amp-9vallees.png\",\"width\":190,\"height\":190,\"caption\":\"9 Vall\u00e9es\"},\"image\":{\"@id\":\"https:\/\/9vallees.com\/en\/#\/schema\/logo\/image\/\"},\"sameAs\":[\"https:\/\/www.facebook.com\/Ski-Safari-9-vallees-Worldwide-ski-adventures-since-1980-107412862637065\/\"]}]}<\/script>\n<!-- \/ Yoast SEO Premium plugin. -->","yoast_head_json":{"title":"Insurance - 9 Vall\u00e9es","robots":{"index":"index","follow":"follow","max-snippet":"max-snippet:-1","max-image-preview":"max-image-preview:large","max-video-preview":"max-video-preview:-1"},"canonical":"https:\/\/9vallees.com\/en\/insurance\/","og_locale":"en_US","og_type":"article","og_title":"Insurance","og_description":"[vc_row][vc_column][vc_empty_space height=&#8221;70px&#8221;][\/vc_column][\/vc_row][vc_row css=&#8221;.vc_custom_1619399831839{margin-top: 70px !important;}&#8221;][vc_column][vc_column_text] REGISTRATION AND GENERAL CONDITIONS OF SALE 1-REGISTRATION: Send your registration form completed, signed and accompanied","og_url":"https:\/\/9vallees.com\/en\/insurance\/","og_site_name":"9 Vall\u00e9es","article_publisher":"https:\/\/www.facebook.com\/Ski-Safari-9-vallees-Worldwide-ski-adventures-since-1980-107412862637065\/","article_modified_time":"2021-04-26T01:17:33+00:00","og_image":[{"width":1280,"height":850,"url":"https:\/\/9vallees.com\/wp-content\/uploads\/2020\/02\/chili_heliski.jpg","type":"image\/jpeg"}],"twitter_card":"summary_large_image","twitter_misc":{"Est. reading time":"5 minutes"},"schema":{"@context":"https:\/\/schema.org","@graph":[{"@type":"WebPage","@id":"https:\/\/9vallees.com\/en\/insurance\/","url":"https:\/\/9vallees.com\/en\/insurance\/","name":"Insurance - 9 Vall\u00e9es","isPartOf":{"@id":"https:\/\/9vallees.com\/en\/#website"},"datePublished":"2021-04-26T01:16:36+00:00","dateModified":"2021-04-26T01:17:33+00:00","breadcrumb":{"@id":"https:\/\/9vallees.com\/en\/insurance\/#breadcrumb"},"inLanguage":"en-US","potentialAction":[{"@type":"ReadAction","target":["https:\/\/9vallees.com\/en\/insurance\/"]}]},{"@type":"BreadcrumbList","@id":"https:\/\/9vallees.com\/en\/insurance\/#breadcrumb","itemListElement":[{"@type":"ListItem","position":1,"name":"Home","item":"https:\/\/9vallees.com\/en\/"},{"@type":"ListItem","position":2,"name":"Insurance"}]},{"@type":"WebSite","@id":"https:\/\/9vallees.com\/en\/#website","url":"https:\/\/9vallees.com\/en\/","name":"9 Vall\u00e9es","description":"S\u00e9jours tout compris ski hors-piste - H\u00e9liski - Ski de rando encadr\u00e9 par des guides","publisher":{"@id":"https:\/\/9vallees.com\/en\/#organization"},"alternateName":"S\u00e9jours Ski de Randonn\u00e9e, Freeride & H\u00e9liski dans 28 Destinations","potentialAction":[{"@type":"SearchAction","target":{"@type":"EntryPoint","urlTemplate":"https:\/\/9vallees.com\/en\/?s={search_term_string}"},"query-input":{"@type":"PropertyValueSpecification","valueRequired":true,"valueName":"search_term_string"}}],"inLanguage":"en-US"},{"@type":"Organization","@id":"https:\/\/9vallees.com\/en\/#organization","name":"9 Vall\u00e9es","alternateName":"S\u00e9jour \u00e0 ski, safari, ski de randonn\u00e9e autour du monde","url":"https:\/\/9vallees.com\/en\/","logo":{"@type":"ImageObject","inLanguage":"en-US","@id":"https:\/\/9vallees.com\/en\/#\/schema\/logo\/image\/","url":"https:\/\/9vallees.com\/wp-content\/uploads\/2019\/06\/logo-square-amp-9vallees.png","contentUrl":"https:\/\/9vallees.com\/wp-content\/uploads\/2019\/06\/logo-square-amp-9vallees.png","width":190,"height":190,"caption":"9 Vall\u00e9es"},"image":{"@id":"https:\/\/9vallees.com\/en\/#\/schema\/logo\/image\/"},"sameAs":["https:\/\/www.facebook.com\/Ski-Safari-9-vallees-Worldwide-ski-adventures-since-1980-107412862637065\/"]}]}},"_links":{"self":[{"href":"https:\/\/9vallees.com\/en\/wp-json\/wp\/v2\/pages\/7608","targetHints":{"allow":["GET"]}}],"collection":[{"href":"https:\/\/9vallees.com\/en\/wp-json\/wp\/v2\/pages"}],"about":[{"href":"https:\/\/9vallees.com\/en\/wp-json\/wp\/v2\/types\/page"}],"author":[{"embeddable":true,"href":"https:\/\/9vallees.com\/en\/wp-json\/wp\/v2\/users\/2"}],"replies":[{"embeddable":true,"href":"https:\/\/9vallees.com\/en\/wp-json\/wp\/v2\/comments?post=7608"}],"version-history":[{"count":3,"href":"https:\/\/9vallees.com\/en\/wp-json\/wp\/v2\/pages\/7608\/revisions"}],"predecessor-version":[{"id":7611,"href":"https:\/\/9vallees.com\/en\/wp-json\/wp\/v2\/pages\/7608\/revisions\/7611"}],"wp:attachment":[{"href":"https:\/\/9vallees.com\/en\/wp-json\/wp\/v2\/media?parent=7608"}],"curies":[{"name":"wp","href":"https:\/\/api.w.org\/{rel}","templated":true}]}}