{"id":9869,"date":"2024-07-19T15:44:08","date_gmt":"2024-07-19T13:44:08","guid":{"rendered":"https:\/\/9vallees.com\/?page_id=9869"},"modified":"2024-07-19T15:52:29","modified_gmt":"2024-07-19T13:52:29","slug":"ski-trips-around-the-world","status":"publish","type":"page","link":"https:\/\/9vallees.com\/en\/ski-trips-around-the-world\/","title":{"rendered":"Ski trips around the world"},"content":{"rendered":"<p>[vc_row full_width=&#8221;stretch_row&#8221; css=&#8221;.vc_custom_1719008359450{padding-top: 150px !important;padding-bottom: 50px !important;}&#8221; el_class=&#8221;z-index&#8221;][vc_column][vc_column_text el_class=&#8221;msr_bold&#8221;]<\/p>\n<h1 style=\"text-align: center;\">Our all-inclusive ski trips<\/h1>\n<p>[\/vc_column_text][vc_column_text]<\/p>\n<p style=\"text-align: center;\">Explore the best ski trip destinations with <a href=\"https:\/\/9vallees.com\/en\">9 Vall\u00e9es<\/a>. Discover our ski touring, freeride, and heliskiing offers in France, Italy, Switzerland, Austria, Argentina, and Chile. Embark on an adventure with our experienced guides and experience unforgettable moments in the heart of nature.<\/p>\n<p>[\/vc_column_text][vc_basic_grid post_type=&#8221;sejour&#8221; max_items=&#8221;-1&#8243; style=&#8221;lazy&#8221; items_per_page=&#8221;4&#8243; show_filter=&#8221;yes&#8221; gap=&#8221;25&#8243; filter_style=&#8221;bordered&#8221; filter_default_title=&#8221;TOUS LES S\u00c9JOURS&#8221; filter_align=&#8221;left&#8221; filter_color=&#8221;mulled_wine&#8221; item=&#8221;9458&#8243; initial_loading_animation=&#8221;none&#8221; grid_id=&#8221;vc_gid:1721396656979-8c13704a-6513-9&#8243; filter_source=&#8221;type&#8221; el_class=&#8221;grid-sejour homepage-sejours&#8221;][\/vc_column][\/vc_row]<\/p>\n","protected":false},"excerpt":{"rendered":"<p>[vc_row full_width=&#8221;stretch_row&#8221; css=&#8221;.vc_custom_1719008359450{padding-top: 150px !important;padding-bottom: 50px !important;}&#8221; el_class=&#8221;z-index&#8221;][vc_column][vc_column_text el_class=&#8221;msr_bold&#8221;] Our all-inclusive ski trips [\/vc_column_text][vc_column_text] Explore the best ski trip destinations<\/p>\n","protected":false},"author":2,"featured_media":3129,"parent":0,"menu_order":0,"comment_status":"closed","ping_status":"closed","template":"","meta":{"footnotes":""},"class_list":["post-9869","page","type-page","status-publish","has-post-thumbnail","hentry"],"yoast_head":"<!-- This site is optimized with the Yoast SEO Premium plugin v22.9 (Yoast SEO v25.4) - https:\/\/yoast.com\/wordpress\/plugins\/seo\/ -->\n<title>Ski trips around the world - 9 Vall\u00e9es<\/title>\n<meta name=\"robots\" content=\"index, follow, max-snippet:-1, max-image-preview:large, max-video-preview:-1\" \/>\n<link rel=\"canonical\" href=\"https:\/\/9vallees.com\/en\/ski-trips-around-the-world\/\" \/>\n<meta property=\"og:locale\" content=\"en_US\" \/>\n<meta property=\"og:type\" content=\"article\" \/>\n<meta property=\"og:title\" content=\"Ski trips around the world\" \/>\n<meta property=\"og:description\" content=\"[vc_row full_width=&#8221;stretch_row&#8221; css=&#8221;.vc_custom_1719008359450{padding-top: 150px !important;padding-bottom: 50px !important;}&#8221; el_class=&#8221;z-index&#8221;][vc_column][vc_column_text el_class=&#8221;msr_bold&#8221;] Our all-inclusive ski trips [\/vc_column_text][vc_column_text] Explore the best ski trip destinations\" \/>\n<meta property=\"og:url\" content=\"https:\/\/9vallees.com\/en\/ski-trips-around-the-world\/\" \/>\n<meta property=\"og:site_name\" content=\"9 Vall\u00e9es\" \/>\n<meta property=\"article:publisher\" content=\"https:\/\/www.facebook.com\/Ski-Safari-9-vallees-Worldwide-ski-adventures-since-1980-107412862637065\/\" \/>\n<meta property=\"article:modified_time\" content=\"2024-07-19T13:52:29+00:00\" \/>\n<meta property=\"og:image\" content=\"https:\/\/9vallees.com\/wp-content\/uploads\/2020\/06\/Mt_Erciyes_Mountains_3.916-m.jpg\" \/>\n\t<meta property=\"og:image:width\" content=\"733\" \/>\n\t<meta property=\"og:image:height\" content=\"550\" \/>\n\t<meta property=\"og:image:type\" content=\"image\/jpeg\" \/>\n<meta name=\"twitter:card\" content=\"summary_large_image\" \/>\n<meta name=\"twitter:label1\" content=\"Est. reading time\" \/>\n\t<meta name=\"twitter:data1\" content=\"1 minute\" \/>\n<script type=\"application\/ld+json\" class=\"yoast-schema-graph\">{\"@context\":\"https:\/\/schema.org\",\"@graph\":[{\"@type\":\"WebPage\",\"@id\":\"https:\/\/9vallees.com\/en\/ski-trips-around-the-world\/\",\"url\":\"https:\/\/9vallees.com\/en\/ski-trips-around-the-world\/\",\"name\":\"Ski trips around the world - 9 Vall\u00e9es\",\"isPartOf\":{\"@id\":\"https:\/\/9vallees.com\/en\/#website\"},\"primaryImageOfPage\":{\"@id\":\"https:\/\/9vallees.com\/en\/ski-trips-around-the-world\/#primaryimage\"},\"image\":{\"@id\":\"https:\/\/9vallees.com\/en\/ski-trips-around-the-world\/#primaryimage\"},\"thumbnailUrl\":\"https:\/\/9vallees.com\/wp-content\/uploads\/2020\/06\/Mt_Erciyes_Mountains_3.916-m.jpg\",\"datePublished\":\"2024-07-19T13:44:08+00:00\",\"dateModified\":\"2024-07-19T13:52:29+00:00\",\"breadcrumb\":{\"@id\":\"https:\/\/9vallees.com\/en\/ski-trips-around-the-world\/#breadcrumb\"},\"inLanguage\":\"en-US\",\"potentialAction\":[{\"@type\":\"ReadAction\",\"target\":[\"https:\/\/9vallees.com\/en\/ski-trips-around-the-world\/\"]}]},{\"@type\":\"ImageObject\",\"inLanguage\":\"en-US\",\"@id\":\"https:\/\/9vallees.com\/en\/ski-trips-around-the-world\/#primaryimage\",\"url\":\"https:\/\/9vallees.com\/wp-content\/uploads\/2020\/06\/Mt_Erciyes_Mountains_3.916-m.jpg\",\"contentUrl\":\"https:\/\/9vallees.com\/wp-content\/uploads\/2020\/06\/Mt_Erciyes_Mountains_3.916-m.jpg\",\"width\":733,\"height\":550,\"caption\":\"s\u00e9jours ski tout compris 2024 - 9 Vall\u00e9es\"},{\"@type\":\"BreadcrumbList\",\"@id\":\"https:\/\/9vallees.com\/en\/ski-trips-around-the-world\/#breadcrumb\",\"itemListElement\":[{\"@type\":\"ListItem\",\"position\":1,\"name\":\"Home\",\"item\":\"https:\/\/9vallees.com\/en\/\"},{\"@type\":\"ListItem\",\"position\":2,\"name\":\"Ski trips around the world\"}]},{\"@type\":\"WebSite\",\"@id\":\"https:\/\/9vallees.com\/en\/#website\",\"url\":\"https:\/\/9vallees.com\/en\/\",\"name\":\"9 Vall\u00e9es\",\"description\":\"S\u00e9jours tout compris ski hors-piste - H\u00e9liski - Ski de rando encadr\u00e9 par des guides\",\"publisher\":{\"@id\":\"https:\/\/9vallees.com\/en\/#organization\"},\"alternateName\":\"S\u00e9jours Ski de Randonn\u00e9e, Freeride & H\u00e9liski dans 28 Destinations\",\"potentialAction\":[{\"@type\":\"SearchAction\",\"target\":{\"@type\":\"EntryPoint\",\"urlTemplate\":\"https:\/\/9vallees.com\/en\/?s={search_term_string}\"},\"query-input\":{\"@type\":\"PropertyValueSpecification\",\"valueRequired\":true,\"valueName\":\"search_term_string\"}}],\"inLanguage\":\"en-US\"},{\"@type\":\"Organization\",\"@id\":\"https:\/\/9vallees.com\/en\/#organization\",\"name\":\"9 Vall\u00e9es\",\"alternateName\":\"S\u00e9jour \u00e0 ski, safari, ski de randonn\u00e9e autour du monde\",\"url\":\"https:\/\/9vallees.com\/en\/\",\"logo\":{\"@type\":\"ImageObject\",\"inLanguage\":\"en-US\",\"@id\":\"https:\/\/9vallees.com\/en\/#\/schema\/logo\/image\/\",\"url\":\"https:\/\/9vallees.com\/wp-content\/uploads\/2019\/06\/logo-square-amp-9vallees.png\",\"contentUrl\":\"https:\/\/9vallees.com\/wp-content\/uploads\/2019\/06\/logo-square-amp-9vallees.png\",\"width\":190,\"height\":190,\"caption\":\"9 Vall\u00e9es\"},\"image\":{\"@id\":\"https:\/\/9vallees.com\/en\/#\/schema\/logo\/image\/\"},\"sameAs\":[\"https:\/\/www.facebook.com\/Ski-Safari-9-vallees-Worldwide-ski-adventures-since-1980-107412862637065\/\"]}]}<\/script>\n<!-- \/ Yoast SEO Premium plugin. -->","yoast_head_json":{"title":"Ski trips around the world - 9 Vall\u00e9es","robots":{"index":"index","follow":"follow","max-snippet":"max-snippet:-1","max-image-preview":"max-image-preview:large","max-video-preview":"max-video-preview:-1"},"canonical":"https:\/\/9vallees.com\/en\/ski-trips-around-the-world\/","og_locale":"en_US","og_type":"article","og_title":"Ski trips around the world","og_description":"[vc_row full_width=&#8221;stretch_row&#8221; css=&#8221;.vc_custom_1719008359450{padding-top: 150px !important;padding-bottom: 50px !important;}&#8221; el_class=&#8221;z-index&#8221;][vc_column][vc_column_text el_class=&#8221;msr_bold&#8221;] Our all-inclusive ski trips [\/vc_column_text][vc_column_text] Explore the best ski trip destinations","og_url":"https:\/\/9vallees.com\/en\/ski-trips-around-the-world\/","og_site_name":"9 Vall\u00e9es","article_publisher":"https:\/\/www.facebook.com\/Ski-Safari-9-vallees-Worldwide-ski-adventures-since-1980-107412862637065\/","article_modified_time":"2024-07-19T13:52:29+00:00","og_image":[{"width":733,"height":550,"url":"https:\/\/9vallees.com\/wp-content\/uploads\/2020\/06\/Mt_Erciyes_Mountains_3.916-m.jpg","type":"image\/jpeg"}],"twitter_card":"summary_large_image","twitter_misc":{"Est. reading time":"1 minute"},"schema":{"@context":"https:\/\/schema.org","@graph":[{"@type":"WebPage","@id":"https:\/\/9vallees.com\/en\/ski-trips-around-the-world\/","url":"https:\/\/9vallees.com\/en\/ski-trips-around-the-world\/","name":"Ski trips around the world - 9 Vall\u00e9es","isPartOf":{"@id":"https:\/\/9vallees.com\/en\/#website"},"primaryImageOfPage":{"@id":"https:\/\/9vallees.com\/en\/ski-trips-around-the-world\/#primaryimage"},"image":{"@id":"https:\/\/9vallees.com\/en\/ski-trips-around-the-world\/#primaryimage"},"thumbnailUrl":"https:\/\/9vallees.com\/wp-content\/uploads\/2020\/06\/Mt_Erciyes_Mountains_3.916-m.jpg","datePublished":"2024-07-19T13:44:08+00:00","dateModified":"2024-07-19T13:52:29+00:00","breadcrumb":{"@id":"https:\/\/9vallees.com\/en\/ski-trips-around-the-world\/#breadcrumb"},"inLanguage":"en-US","potentialAction":[{"@type":"ReadAction","target":["https:\/\/9vallees.com\/en\/ski-trips-around-the-world\/"]}]},{"@type":"ImageObject","inLanguage":"en-US","@id":"https:\/\/9vallees.com\/en\/ski-trips-around-the-world\/#primaryimage","url":"https:\/\/9vallees.com\/wp-content\/uploads\/2020\/06\/Mt_Erciyes_Mountains_3.916-m.jpg","contentUrl":"https:\/\/9vallees.com\/wp-content\/uploads\/2020\/06\/Mt_Erciyes_Mountains_3.916-m.jpg","width":733,"height":550,"caption":"s\u00e9jours ski tout compris 2024 - 9 Vall\u00e9es"},{"@type":"BreadcrumbList","@id":"https:\/\/9vallees.com\/en\/ski-trips-around-the-world\/#breadcrumb","itemListElement":[{"@type":"ListItem","position":1,"name":"Home","item":"https:\/\/9vallees.com\/en\/"},{"@type":"ListItem","position":2,"name":"Ski trips around the world"}]},{"@type":"WebSite","@id":"https:\/\/9vallees.com\/en\/#website","url":"https:\/\/9vallees.com\/en\/","name":"9 Vall\u00e9es","description":"S\u00e9jours tout compris ski hors-piste - H\u00e9liski - Ski de rando encadr\u00e9 par des guides","publisher":{"@id":"https:\/\/9vallees.com\/en\/#organization"},"alternateName":"S\u00e9jours Ski de Randonn\u00e9e, Freeride & H\u00e9liski dans 28 Destinations","potentialAction":[{"@type":"SearchAction","target":{"@type":"EntryPoint","urlTemplate":"https:\/\/9vallees.com\/en\/?s={search_term_string}"},"query-input":{"@type":"PropertyValueSpecification","valueRequired":true,"valueName":"search_term_string"}}],"inLanguage":"en-US"},{"@type":"Organization","@id":"https:\/\/9vallees.com\/en\/#organization","name":"9 Vall\u00e9es","alternateName":"S\u00e9jour \u00e0 ski, safari, ski de randonn\u00e9e autour du monde","url":"https:\/\/9vallees.com\/en\/","logo":{"@type":"ImageObject","inLanguage":"en-US","@id":"https:\/\/9vallees.com\/en\/#\/schema\/logo\/image\/","url":"https:\/\/9vallees.com\/wp-content\/uploads\/2019\/06\/logo-square-amp-9vallees.png","contentUrl":"https:\/\/9vallees.com\/wp-content\/uploads\/2019\/06\/logo-square-amp-9vallees.png","width":190,"height":190,"caption":"9 Vall\u00e9es"},"image":{"@id":"https:\/\/9vallees.com\/en\/#\/schema\/logo\/image\/"},"sameAs":["https:\/\/www.facebook.com\/Ski-Safari-9-vallees-Worldwide-ski-adventures-since-1980-107412862637065\/"]}]}},"_links":{"self":[{"href":"https:\/\/9vallees.com\/en\/wp-json\/wp\/v2\/pages\/9869","targetHints":{"allow":["GET"]}}],"collection":[{"href":"https:\/\/9vallees.com\/en\/wp-json\/wp\/v2\/pages"}],"about":[{"href":"https:\/\/9vallees.com\/en\/wp-json\/wp\/v2\/types\/page"}],"author":[{"embeddable":true,"href":"https:\/\/9vallees.com\/en\/wp-json\/wp\/v2\/users\/2"}],"replies":[{"embeddable":true,"href":"https:\/\/9vallees.com\/en\/wp-json\/wp\/v2\/comments?post=9869"}],"version-history":[{"count":4,"href":"https:\/\/9vallees.com\/en\/wp-json\/wp\/v2\/pages\/9869\/revisions"}],"predecessor-version":[{"id":9873,"href":"https:\/\/9vallees.com\/en\/wp-json\/wp\/v2\/pages\/9869\/revisions\/9873"}],"wp:featuredmedia":[{"embeddable":true,"href":"https:\/\/9vallees.com\/en\/wp-json\/wp\/v2\/media\/3129"}],"wp:attachment":[{"href":"https:\/\/9vallees.com\/en\/wp-json\/wp\/v2\/media?parent=9869"}],"curies":[{"name":"wp","href":"https:\/\/api.w.org\/{rel}","templated":true}]}}